{"id":258,"date":"2023-10-02T06:05:19","date_gmt":"2023-10-02T06:05:19","guid":{"rendered":"https:\/\/www.discountcode2026.com\/?page_id=258"},"modified":"2024-08-19T07:59:02","modified_gmt":"2024-08-19T07:59:02","slug":"seasonal-deals","status":"publish","type":"page","link":"https:\/\/www.discountcode2026.com\/pl\/seasonal-deals\/","title":{"rendered":"All Seasonal Deals"},"content":{"rendered":"<p>Odkryj ekskluzywne oszcz\u0119dno\u015bci w tym roku dzi\u0119ki naszym oferty sezonowe i wyprzeda\u017com b\u0142yskawicznym na Twoje ulubione marki. <a href=\"https:\/\/www.discountcode2026.com\/pl\/\">Discount Codes 2024<\/a> przynios\u0142y najbardziej ekscytuj\u0105ce i niesamowicie ogromne oferty na Twoje ulubione marki, us\u0142ugi i nie tylko. Skorzystaj wi\u0119c z okazji i ju\u017c teraz zaoszcz\u0119d\u017a na szerokiej gamie produkt\u00f3w!<\/p>\n","protected":false},"excerpt":{"rendered":"<p>Odkryj ekskluzywne oszcz\u0119dno\u015bci w tym roku dzi\u0119ki naszym oferty sezonowe i wyprzeda\u017com b\u0142yskawicznym na Twoje ulubione marki. Discount Codes 2024 przynios\u0142y najbardziej ekscytuj\u0105ce i niesamowicie ogromne oferty na Twoje ulubione marki, us\u0142ugi i nie tylko. Skorzystaj wi\u0119c z okazji i ju\u017c teraz zaoszcz\u0119d\u017a na szerokiej gamie produkt\u00f3w!<\/p>\n","protected":false},"author":1,"featured_media":0,"parent":0,"menu_order":0,"comment_status":"closed","ping_status":"closed","template":"all-seasonal-deals-template.php","meta":{"_acf_changed":false,"footnotes":""},"class_list":["post-258","page","type-page","status-publish","hentry"],"acf":[],"yoast_head":"<!-- This site is optimized with the Yoast SEO plugin v26.8 - https:\/\/yoast.com\/product\/yoast-seo-wordpress\/ -->\n<title>Odkryj Oszcz\u0119dno\u015bci: Oferty Sezonowe z Ekskluzywnymi Rabatami<\/title>\n<meta name=\"description\" content=\"Odkryj ekskluzywne oszcz\u0119dno\u015bci roku dzi\u0119ki naszym oferty sezonowe i kodom rabatowym 2024. Zaoszcz\u0119d\u017a du\u017co na szerokiej gamie produkt\u00f3w.\" \/>\n<meta name=\"robots\" content=\"index, follow, max-snippet:-1, max-image-preview:large, max-video-preview:-1\" \/>\n<link rel=\"canonical\" href=\"https:\/\/www.discountcode2026.com\/pl\/seasonal-deals\/\" \/>\n<meta property=\"og:locale\" content=\"en_US\" \/>\n<meta property=\"og:type\" content=\"article\" \/>\n<meta property=\"og:title\" content=\"Odkryj Oszcz\u0119dno\u015bci: Oferty Sezonowe z Ekskluzywnymi Rabatami\" \/>\n<meta property=\"og:description\" content=\"Odkryj ekskluzywne oszcz\u0119dno\u015bci roku dzi\u0119ki naszym oferty sezonowe i kodom rabatowym 2024. Zaoszcz\u0119d\u017a du\u017co na szerokiej gamie produkt\u00f3w.\" \/>\n<meta property=\"og:url\" content=\"https:\/\/www.discountcode2026.com\/pl\/seasonal-deals\/\" \/>\n<meta property=\"og:site_name\" content=\"Discount Codes 2024 PL\" \/>\n<meta property=\"article:modified_time\" content=\"2024-08-19T07:59:02+00:00\" \/>\n<meta name=\"twitter:card\" content=\"summary_large_image\" \/>\n<meta name=\"twitter:label1\" content=\"Est. reading time\" \/>\n\t<meta name=\"twitter:data1\" content=\"1 minute\" \/>\n<script type=\"application\/ld+json\" class=\"yoast-schema-graph\">{\"@context\":\"https:\/\/schema.org\",\"@graph\":[{\"@type\":\"WebPage\",\"@id\":\"https:\/\/www.discountcode2026.com\/pl\/seasonal-deals\/\",\"url\":\"https:\/\/www.discountcode2026.com\/pl\/seasonal-deals\/\",\"name\":\"Odkryj Oszcz\u0119dno\u015bci: Oferty Sezonowe z Ekskluzywnymi Rabatami\",\"isPartOf\":{\"@id\":\"https:\/\/www.discountcode2026.com\/pl\/#website\"},\"datePublished\":\"2023-10-02T06:05:19+00:00\",\"dateModified\":\"2024-08-19T07:59:02+00:00\",\"description\":\"Odkryj ekskluzywne oszcz\u0119dno\u015bci roku dzi\u0119ki naszym oferty sezonowe i kodom rabatowym 2024. Zaoszcz\u0119d\u017a du\u017co na szerokiej gamie produkt\u00f3w.\",\"breadcrumb\":{\"@id\":\"https:\/\/www.discountcode2026.com\/pl\/seasonal-deals\/#breadcrumb\"},\"inLanguage\":\"en-US\",\"potentialAction\":[{\"@type\":\"ReadAction\",\"target\":[\"https:\/\/www.discountcode2026.com\/pl\/seasonal-deals\/\"]}]},{\"@type\":\"BreadcrumbList\",\"@id\":\"https:\/\/www.discountcode2026.com\/pl\/seasonal-deals\/#breadcrumb\",\"itemListElement\":[{\"@type\":\"ListItem\",\"position\":1,\"name\":\"Home\",\"item\":\"https:\/\/www.discountcode2026.com\/pl\/\"},{\"@type\":\"ListItem\",\"position\":2,\"name\":\"All Seasonal Deals\"}]},{\"@type\":\"WebSite\",\"@id\":\"https:\/\/www.discountcode2026.com\/pl\/#website\",\"url\":\"https:\/\/www.discountcode2026.com\/pl\/\",\"name\":\"Discount Codes 2024 PL\",\"description\":\"\",\"potentialAction\":[{\"@type\":\"SearchAction\",\"target\":{\"@type\":\"EntryPoint\",\"urlTemplate\":\"https:\/\/www.discountcode2026.com\/pl\/?s={search_term_string}\"},\"query-input\":{\"@type\":\"PropertyValueSpecification\",\"valueRequired\":true,\"valueName\":\"search_term_string\"}}],\"inLanguage\":\"en-US\"}]}<\/script>\n<!-- \/ Yoast SEO plugin. -->","yoast_head_json":{"title":"Odkryj Oszcz\u0119dno\u015bci: Oferty Sezonowe z Ekskluzywnymi Rabatami","description":"Odkryj ekskluzywne oszcz\u0119dno\u015bci roku dzi\u0119ki naszym oferty sezonowe i kodom rabatowym 2024. Zaoszcz\u0119d\u017a du\u017co na szerokiej gamie produkt\u00f3w.","robots":{"index":"index","follow":"follow","max-snippet":"max-snippet:-1","max-image-preview":"max-image-preview:large","max-video-preview":"max-video-preview:-1"},"canonical":"https:\/\/www.discountcode2026.com\/pl\/seasonal-deals\/","og_locale":"en_US","og_type":"article","og_title":"Odkryj Oszcz\u0119dno\u015bci: Oferty Sezonowe z Ekskluzywnymi Rabatami","og_description":"Odkryj ekskluzywne oszcz\u0119dno\u015bci roku dzi\u0119ki naszym oferty sezonowe i kodom rabatowym 2024. Zaoszcz\u0119d\u017a du\u017co na szerokiej gamie produkt\u00f3w.","og_url":"https:\/\/www.discountcode2026.com\/pl\/seasonal-deals\/","og_site_name":"Discount Codes 2024 PL","article_modified_time":"2024-08-19T07:59:02+00:00","twitter_card":"summary_large_image","twitter_misc":{"Est. reading time":"1 minute"},"schema":{"@context":"https:\/\/schema.org","@graph":[{"@type":"WebPage","@id":"https:\/\/www.discountcode2026.com\/pl\/seasonal-deals\/","url":"https:\/\/www.discountcode2026.com\/pl\/seasonal-deals\/","name":"Odkryj Oszcz\u0119dno\u015bci: Oferty Sezonowe z Ekskluzywnymi Rabatami","isPartOf":{"@id":"https:\/\/www.discountcode2026.com\/pl\/#website"},"datePublished":"2023-10-02T06:05:19+00:00","dateModified":"2024-08-19T07:59:02+00:00","description":"Odkryj ekskluzywne oszcz\u0119dno\u015bci roku dzi\u0119ki naszym oferty sezonowe i kodom rabatowym 2024. Zaoszcz\u0119d\u017a du\u017co na szerokiej gamie produkt\u00f3w.","breadcrumb":{"@id":"https:\/\/www.discountcode2026.com\/pl\/seasonal-deals\/#breadcrumb"},"inLanguage":"en-US","potentialAction":[{"@type":"ReadAction","target":["https:\/\/www.discountcode2026.com\/pl\/seasonal-deals\/"]}]},{"@type":"BreadcrumbList","@id":"https:\/\/www.discountcode2026.com\/pl\/seasonal-deals\/#breadcrumb","itemListElement":[{"@type":"ListItem","position":1,"name":"Home","item":"https:\/\/www.discountcode2026.com\/pl\/"},{"@type":"ListItem","position":2,"name":"All Seasonal Deals"}]},{"@type":"WebSite","@id":"https:\/\/www.discountcode2026.com\/pl\/#website","url":"https:\/\/www.discountcode2026.com\/pl\/","name":"Discount Codes 2024 PL","description":"","potentialAction":[{"@type":"SearchAction","target":{"@type":"EntryPoint","urlTemplate":"https:\/\/www.discountcode2026.com\/pl\/?s={search_term_string}"},"query-input":{"@type":"PropertyValueSpecification","valueRequired":true,"valueName":"search_term_string"}}],"inLanguage":"en-US"}]}},"_links":{"self":[{"href":"https:\/\/www.discountcode2026.com\/pl\/wp-json\/wp\/v2\/pages\/258","targetHints":{"allow":["GET"]}}],"collection":[{"href":"https:\/\/www.discountcode2026.com\/pl\/wp-json\/wp\/v2\/pages"}],"about":[{"href":"https:\/\/www.discountcode2026.com\/pl\/wp-json\/wp\/v2\/types\/page"}],"author":[{"embeddable":true,"href":"https:\/\/www.discountcode2026.com\/pl\/wp-json\/wp\/v2\/users\/1"}],"replies":[{"embeddable":true,"href":"https:\/\/www.discountcode2026.com\/pl\/wp-json\/wp\/v2\/comments?post=258"}],"version-history":[{"count":3,"href":"https:\/\/www.discountcode2026.com\/pl\/wp-json\/wp\/v2\/pages\/258\/revisions"}],"predecessor-version":[{"id":8022,"href":"https:\/\/www.discountcode2026.com\/pl\/wp-json\/wp\/v2\/pages\/258\/revisions\/8022"}],"wp:attachment":[{"href":"https:\/\/www.discountcode2026.com\/pl\/wp-json\/wp\/v2\/media?parent=258"}],"curies":[{"name":"wp","href":"https:\/\/api.w.org\/{rel}","templated":true}]}}