{"id":220,"date":"2023-09-28T07:46:36","date_gmt":"2023-09-28T07:46:36","guid":{"rendered":"https:\/\/www.discountcode2026.com\/?page_id=220"},"modified":"2024-08-27T08:08:44","modified_gmt":"2024-08-27T08:08:44","slug":"contact-us","status":"publish","type":"page","link":"https:\/\/www.discountcode2026.com\/pl\/contact-us\/","title":{"rendered":"Contact Us"},"content":{"rendered":"<h2>Skontaktuj Si\u0119 z Nami<\/h2>\n<p>Umie\u015b\u0107 wiadomo\u015b\u0107 poni\u017cej, a my skontaktujemy si\u0119 z Tob\u0105 w mgnieniu oka.<\/p>\n","protected":false},"excerpt":{"rendered":"<p>Skontaktuj Si\u0119 z Nami Umie\u015b\u0107 wiadomo\u015b\u0107 poni\u017cej, a my skontaktujemy si\u0119 z Tob\u0105 w mgnieniu oka.<\/p>\n","protected":false},"author":1,"featured_media":0,"parent":0,"menu_order":0,"comment_status":"closed","ping_status":"closed","template":"pages\/pages-template.php","meta":{"_acf_changed":false,"footnotes":""},"class_list":["post-220","page","type-page","status-publish","hentry"],"acf":[],"yoast_head":"<!-- This site is optimized with the Yoast SEO plugin v26.8 - https:\/\/yoast.com\/product\/yoast-seo-wordpress\/ -->\n<title>Skontaktuj Si\u0119 z Nami Aby Uzyska\u0107 Pomoc i Zada\u0107 Pytania<\/title>\n<meta name=\"description\" content=\"Skontaktuj si\u0119 z nami, aby uzyska\u0107 wszystkie informacje o specjalnych ofertach i promocjach dost\u0119pnych wy\u0142\u0105cznie na Discount Codes 2024!\" \/>\n<meta name=\"robots\" content=\"index, follow, max-snippet:-1, max-image-preview:large, max-video-preview:-1\" \/>\n<link rel=\"canonical\" href=\"https:\/\/www.discountcode2026.com\/pl\/contact-us\/\" \/>\n<meta property=\"og:locale\" content=\"en_US\" \/>\n<meta property=\"og:type\" content=\"article\" \/>\n<meta property=\"og:title\" content=\"Skontaktuj Si\u0119 z Nami Aby Uzyska\u0107 Pomoc i Zada\u0107 Pytania\" \/>\n<meta property=\"og:description\" content=\"Skontaktuj si\u0119 z nami, aby uzyska\u0107 wszystkie informacje o specjalnych ofertach i promocjach dost\u0119pnych wy\u0142\u0105cznie na Discount Codes 2024!\" \/>\n<meta property=\"og:url\" content=\"https:\/\/www.discountcode2026.com\/pl\/contact-us\/\" \/>\n<meta property=\"og:site_name\" content=\"Discount Codes 2024 PL\" \/>\n<meta property=\"article:modified_time\" content=\"2024-08-27T08:08:44+00:00\" \/>\n<meta name=\"twitter:card\" content=\"summary_large_image\" \/>\n<meta name=\"twitter:label1\" content=\"Est. reading time\" \/>\n\t<meta name=\"twitter:data1\" content=\"1 minute\" \/>\n<script type=\"application\/ld+json\" class=\"yoast-schema-graph\">{\"@context\":\"https:\/\/schema.org\",\"@graph\":[{\"@type\":\"WebPage\",\"@id\":\"https:\/\/www.discountcode2026.com\/pl\/contact-us\/\",\"url\":\"https:\/\/www.discountcode2026.com\/pl\/contact-us\/\",\"name\":\"Skontaktuj Si\u0119 z Nami Aby Uzyska\u0107 Pomoc i Zada\u0107 Pytania\",\"isPartOf\":{\"@id\":\"https:\/\/www.discountcode2026.com\/pl\/#website\"},\"datePublished\":\"2023-09-28T07:46:36+00:00\",\"dateModified\":\"2024-08-27T08:08:44+00:00\",\"description\":\"Skontaktuj si\u0119 z nami, aby uzyska\u0107 wszystkie informacje o specjalnych ofertach i promocjach dost\u0119pnych wy\u0142\u0105cznie na Discount Codes 2024!\",\"breadcrumb\":{\"@id\":\"https:\/\/www.discountcode2026.com\/pl\/contact-us\/#breadcrumb\"},\"inLanguage\":\"en-US\",\"potentialAction\":[{\"@type\":\"ReadAction\",\"target\":[\"https:\/\/www.discountcode2026.com\/pl\/contact-us\/\"]}]},{\"@type\":\"BreadcrumbList\",\"@id\":\"https:\/\/www.discountcode2026.com\/pl\/contact-us\/#breadcrumb\",\"itemListElement\":[{\"@type\":\"ListItem\",\"position\":1,\"name\":\"Home\",\"item\":\"https:\/\/www.discountcode2026.com\/pl\/\"},{\"@type\":\"ListItem\",\"position\":2,\"name\":\"Contact Us\"}]},{\"@type\":\"WebSite\",\"@id\":\"https:\/\/www.discountcode2026.com\/pl\/#website\",\"url\":\"https:\/\/www.discountcode2026.com\/pl\/\",\"name\":\"Discount Codes 2024 PL\",\"description\":\"\",\"potentialAction\":[{\"@type\":\"SearchAction\",\"target\":{\"@type\":\"EntryPoint\",\"urlTemplate\":\"https:\/\/www.discountcode2026.com\/pl\/?s={search_term_string}\"},\"query-input\":{\"@type\":\"PropertyValueSpecification\",\"valueRequired\":true,\"valueName\":\"search_term_string\"}}],\"inLanguage\":\"en-US\"}]}<\/script>\n<!-- \/ Yoast SEO plugin. -->","yoast_head_json":{"title":"Skontaktuj Si\u0119 z Nami Aby Uzyska\u0107 Pomoc i Zada\u0107 Pytania","description":"Skontaktuj si\u0119 z nami, aby uzyska\u0107 wszystkie informacje o specjalnych ofertach i promocjach dost\u0119pnych wy\u0142\u0105cznie na Discount Codes 2024!","robots":{"index":"index","follow":"follow","max-snippet":"max-snippet:-1","max-image-preview":"max-image-preview:large","max-video-preview":"max-video-preview:-1"},"canonical":"https:\/\/www.discountcode2026.com\/pl\/contact-us\/","og_locale":"en_US","og_type":"article","og_title":"Skontaktuj Si\u0119 z Nami Aby Uzyska\u0107 Pomoc i Zada\u0107 Pytania","og_description":"Skontaktuj si\u0119 z nami, aby uzyska\u0107 wszystkie informacje o specjalnych ofertach i promocjach dost\u0119pnych wy\u0142\u0105cznie na Discount Codes 2024!","og_url":"https:\/\/www.discountcode2026.com\/pl\/contact-us\/","og_site_name":"Discount Codes 2024 PL","article_modified_time":"2024-08-27T08:08:44+00:00","twitter_card":"summary_large_image","twitter_misc":{"Est. reading time":"1 minute"},"schema":{"@context":"https:\/\/schema.org","@graph":[{"@type":"WebPage","@id":"https:\/\/www.discountcode2026.com\/pl\/contact-us\/","url":"https:\/\/www.discountcode2026.com\/pl\/contact-us\/","name":"Skontaktuj Si\u0119 z Nami Aby Uzyska\u0107 Pomoc i Zada\u0107 Pytania","isPartOf":{"@id":"https:\/\/www.discountcode2026.com\/pl\/#website"},"datePublished":"2023-09-28T07:46:36+00:00","dateModified":"2024-08-27T08:08:44+00:00","description":"Skontaktuj si\u0119 z nami, aby uzyska\u0107 wszystkie informacje o specjalnych ofertach i promocjach dost\u0119pnych wy\u0142\u0105cznie na Discount Codes 2024!","breadcrumb":{"@id":"https:\/\/www.discountcode2026.com\/pl\/contact-us\/#breadcrumb"},"inLanguage":"en-US","potentialAction":[{"@type":"ReadAction","target":["https:\/\/www.discountcode2026.com\/pl\/contact-us\/"]}]},{"@type":"BreadcrumbList","@id":"https:\/\/www.discountcode2026.com\/pl\/contact-us\/#breadcrumb","itemListElement":[{"@type":"ListItem","position":1,"name":"Home","item":"https:\/\/www.discountcode2026.com\/pl\/"},{"@type":"ListItem","position":2,"name":"Contact Us"}]},{"@type":"WebSite","@id":"https:\/\/www.discountcode2026.com\/pl\/#website","url":"https:\/\/www.discountcode2026.com\/pl\/","name":"Discount Codes 2024 PL","description":"","potentialAction":[{"@type":"SearchAction","target":{"@type":"EntryPoint","urlTemplate":"https:\/\/www.discountcode2026.com\/pl\/?s={search_term_string}"},"query-input":{"@type":"PropertyValueSpecification","valueRequired":true,"valueName":"search_term_string"}}],"inLanguage":"en-US"}]}},"_links":{"self":[{"href":"https:\/\/www.discountcode2026.com\/pl\/wp-json\/wp\/v2\/pages\/220","targetHints":{"allow":["GET"]}}],"collection":[{"href":"https:\/\/www.discountcode2026.com\/pl\/wp-json\/wp\/v2\/pages"}],"about":[{"href":"https:\/\/www.discountcode2026.com\/pl\/wp-json\/wp\/v2\/types\/page"}],"author":[{"embeddable":true,"href":"https:\/\/www.discountcode2026.com\/pl\/wp-json\/wp\/v2\/users\/1"}],"replies":[{"embeddable":true,"href":"https:\/\/www.discountcode2026.com\/pl\/wp-json\/wp\/v2\/comments?post=220"}],"version-history":[{"count":3,"href":"https:\/\/www.discountcode2026.com\/pl\/wp-json\/wp\/v2\/pages\/220\/revisions"}],"predecessor-version":[{"id":8028,"href":"https:\/\/www.discountcode2026.com\/pl\/wp-json\/wp\/v2\/pages\/220\/revisions\/8028"}],"wp:attachment":[{"href":"https:\/\/www.discountcode2026.com\/pl\/wp-json\/wp\/v2\/media?parent=220"}],"curies":[{"name":"wp","href":"https:\/\/api.w.org\/{rel}","templated":true}]}}