{"id":218,"date":"2023-09-28T07:46:26","date_gmt":"2023-09-28T07:46:26","guid":{"rendered":"https:\/\/www.discountcode2026.com\/?page_id=218"},"modified":"2024-08-12T12:59:41","modified_gmt":"2024-08-12T12:59:41","slug":"privacy-policy","status":"publish","type":"page","link":"https:\/\/www.discountcode2026.com\/pl\/privacy-policy\/","title":{"rendered":"Privacy Policy"},"content":{"rendered":"<h2>Discount Codes 2024 Polityka Prywatno\u015bci<\/h2>\n<p>W Discount Codes 2024 rozumiemy znaczenie Twojej prywatno\u015bci. Dok\u0142adamy wszelkich stara\u0144, aby chroni\u0107 Twoje dane osobowe i zapewni\u0107 bezpieczne korzystanie z naszej witryny internetowej. Niniejsza Polityka prywatno\u015bci opisuje, w jaki spos\u00f3b gromadzimy, wykorzystujemy i udost\u0119pniamy Twoje dane.<\/p>\n<h3>Informacje, kt\u00f3re zbieramy<\/h3>\n<p>Zbieramy od Ciebie nast\u0119puj\u0105ce informacje:<\/p>\n<p><strong>Dane osobowe:<\/strong><\/p>\n<p>Mo\u017ce to obejmowa\u0107 Twoje imi\u0119 i nazwisko, adres e-mail, adres IP i histori\u0119 przegl\u0105dania naszej witryny.<\/p>\n<p><strong>Informacje o urz\u0105dzeniu:<\/strong><\/p>\n<p>Mo\u017cemy zbiera\u0107 informacje o Twoim urz\u0105dzeniu, aby uzyska\u0107 dost\u0119p do naszej witryny, takie jak typ przegl\u0105darki i system operacyjny.<\/p>\n<h3>Dane plik\u00f3w cookie<\/h3>\n<p>U\u017cywamy plik\u00f3w cookie i podobnych technologii, aby \u015bledzi\u0107 Twoj\u0105 aktywno\u015b\u0107 na naszej stronie internetowej i personalizowa\u0107 Twoje do\u015bwiadczenia.<\/p>\n<h3>Jak wykorzystujemy Twoje dane<\/h3>\n<p>U\u017cywamy Twoich danych w nast\u0119puj\u0105cych celach:<\/p>\n<p><strong>Aby \u015bwiadczy\u0107 i ulepsza\u0107 nasze us\u0142ugi: <\/strong>Wykorzystujemy Twoje dane w celu dostarczania kod\u00f3w rabatowych, spersonalizowanych rekomendacji i innych funkcji oferowanych na naszej stronie internetowej.<\/p>\n<p><strong>Aby si\u0119 z Tob\u0105 skontaktowa\u0107:<\/strong> Mo\u017cemy u\u017cywa\u0107 Twojego adresu e-mail do wysy\u0142ania biuletyn\u00f3w, aktualizacji o nowych kodach i funkcjach oraz ofert promocyjnych.<\/p>\n<p><strong>Aby przeanalizowa\u0107 wykorzystanie witryny: <\/strong>U\u017cywamy Twoich danych, aby zrozumie\u0107, w jaki spos\u00f3b korzystasz z naszej witryny i wprowadza\u0107 ulepszenia.<br \/>\n<strong>Aby spe\u0142ni\u0107 wymogi prawne: <\/strong>W niekt\u00f3rych sytuacjach mo\u017cemy by\u0107 zobowi\u0105zani do udost\u0119pnienia Twoich danych organom \u015bcigania lub organom regulacyjnym.<\/p>\n<h3>Udost\u0119pnianie informacji<\/h3>\n<p>Nie b\u0119dziemy udost\u0119pnia\u0107 Twoich danych osobowych \u017cadnym firmom zewn\u0119trznym w celach marketingowych lub reklamowych. Mo\u017cemy jednak udost\u0119pnia\u0107 Twoje dane innym stronom w nast\u0119puj\u0105cych okoliczno\u015bciach:<\/p>\n<p><strong>Z us\u0142ugodawcami: <\/strong>Mo\u017cemy udost\u0119pnia\u0107 Twoje dane zaufanym us\u0142ugodawcom, kt\u00f3rzy pomagaj\u0105 nam w prowadzeniu naszej witryny internetowej i \u015bwiadczeniu naszych us\u0142ug. Dostawcy ci s\u0105 zobowi\u0105zani umownie do zachowania poufno\u015bci informacji.<\/p>\n<p><strong>Z wymogami prawnymi: <\/strong>W niekt\u00f3rych sytuacjach, na przyk\u0142ad w celu zastosowania si\u0119 do wezwania lub nakazu s\u0105dowego, mo\u017cemy by\u0107 zobowi\u0105zani do udost\u0119pnienia Twoich danych organom \u015bcigania lub organom regulacyjnym.<\/p>\n<h3><strong>Bezpiecze\u0144stwo danych<\/strong><\/h3>\n<p>Podejmujemy uzasadnione \u015brodki w celu ochrony Twoich danych przed nieuprawnionym dost\u0119pem, ujawnieniem, zmian\u0105 lub zniszczeniem. Aby chroni\u0107 Twoje dane, korzystamy ze standardowych technologii bezpiecze\u0144stwa, takich jak szyfrowanie i zapory sieciowe.<\/p>\n<h3>Twoje wybory<\/h3>\n<p>Masz nast\u0119puj\u0105ce mo\u017cliwo\u015bci w zakresie swoich danych:<\/p>\n<p><strong>Ciastka: <\/strong>Mo\u017cesz kontrolowa\u0107 wykorzystanie plik\u00f3w cookies w swojej przegl\u0105darce.<\/p>\n<p><strong>Komunikacja e-mailowa: <\/strong>Mo\u017cesz w ka\u017cdej chwili zrezygnowa\u0107 z otrzymywania naszej komunikacji, klikaj\u0105c link \u201eanuluj subskrypcj\u0119\u201d znajduj\u0105cy si\u0119 na dole naszych e-maili.<\/p>\n<h3>Zmiany w niniejszej Polityce Prywatno\u015bci<\/h3>\n<p>Od czasu do czasu mo\u017cemy aktualizowa\u0107 niniejsz\u0105 Polityk\u0119 prywatno\u015bci. Wszelkie zmiany b\u0119dziemy publikowa\u0107 na tej stronie, dlatego prosimy o regularne sprawdzanie aktualizacji.<\/p>\n<h3>Skontaktuj si\u0119 z nami<\/h3>\n<p>Je\u015bli masz jakiekolwiek pytania dotycz\u0105ce niniejszej Polityki prywatno\u015bci, skontaktuj si\u0119 z nami pod adresem socials@www.discountcode2026.com<\/p>\n","protected":false},"excerpt":{"rendered":"<p>Discount Codes 2024 Polityka Prywatno\u015bci W Discount Codes 2024 rozumiemy znaczenie Twojej prywatno\u015bci. Dok\u0142adamy wszelkich stara\u0144, aby chroni\u0107 Twoje dane osobowe i zapewni\u0107 bezpieczne korzystanie z naszej witryny internetowej. Niniejsza Polityka prywatno\u015bci opisuje, w jaki spos\u00f3b gromadzimy, wykorzystujemy i udost\u0119pniamy Twoje dane. Informacje, kt\u00f3re zbieramy Zbieramy od Ciebie nast\u0119puj\u0105ce informacje: Dane osobowe: Mo\u017ce to obejmowa\u0107 [&hellip;]<\/p>\n","protected":false},"author":1,"featured_media":0,"parent":0,"menu_order":0,"comment_status":"closed","ping_status":"closed","template":"pages\/pages-template.php","meta":{"_acf_changed":false,"footnotes":""},"class_list":["post-218","page","type-page","status-publish","hentry"],"acf":[],"yoast_head":"<!-- This site is optimized with the Yoast SEO plugin v26.8 - https:\/\/yoast.com\/product\/yoast-seo-wordpress\/ -->\n<title>Privacy Policy for Discount Code 2024<\/title>\n<meta name=\"description\" content=\"Explore our Discount Codes 2024 with confidence! Our Privacy Policy ensures your data is protected while you enjoy exclusive savings.\" \/>\n<meta name=\"robots\" content=\"index, follow, max-snippet:-1, max-image-preview:large, max-video-preview:-1\" \/>\n<link rel=\"canonical\" href=\"https:\/\/www.discountcode2026.com\/pl\/privacy-policy\/\" \/>\n<meta property=\"og:locale\" content=\"en_US\" \/>\n<meta property=\"og:type\" content=\"article\" \/>\n<meta property=\"og:title\" content=\"Privacy Policy for Discount Code 2024\" \/>\n<meta property=\"og:description\" content=\"Explore our Discount Codes 2024 with confidence! Our Privacy Policy ensures your data is protected while you enjoy exclusive savings.\" \/>\n<meta property=\"og:url\" content=\"https:\/\/www.discountcode2026.com\/pl\/privacy-policy\/\" \/>\n<meta property=\"og:site_name\" content=\"Discount Codes 2024 PL\" \/>\n<meta property=\"article:modified_time\" content=\"2024-08-12T12:59:41+00:00\" \/>\n<meta name=\"twitter:card\" content=\"summary_large_image\" \/>\n<meta name=\"twitter:label1\" content=\"Est. reading time\" \/>\n\t<meta name=\"twitter:data1\" content=\"2 minutes\" \/>\n<script type=\"application\/ld+json\" class=\"yoast-schema-graph\">{\"@context\":\"https:\/\/schema.org\",\"@graph\":[{\"@type\":\"WebPage\",\"@id\":\"https:\/\/www.discountcode2026.com\/pl\/privacy-policy\/\",\"url\":\"https:\/\/www.discountcode2026.com\/pl\/privacy-policy\/\",\"name\":\"Privacy Policy for Discount Code 2024\",\"isPartOf\":{\"@id\":\"https:\/\/www.discountcode2026.com\/pl\/#website\"},\"datePublished\":\"2023-09-28T07:46:26+00:00\",\"dateModified\":\"2024-08-12T12:59:41+00:00\",\"description\":\"Explore our Discount Codes 2024 with confidence! Our Privacy Policy ensures your data is protected while you enjoy exclusive savings.\",\"breadcrumb\":{\"@id\":\"https:\/\/www.discountcode2026.com\/pl\/privacy-policy\/#breadcrumb\"},\"inLanguage\":\"en-US\",\"potentialAction\":[{\"@type\":\"ReadAction\",\"target\":[\"https:\/\/www.discountcode2026.com\/pl\/privacy-policy\/\"]}]},{\"@type\":\"BreadcrumbList\",\"@id\":\"https:\/\/www.discountcode2026.com\/pl\/privacy-policy\/#breadcrumb\",\"itemListElement\":[{\"@type\":\"ListItem\",\"position\":1,\"name\":\"Home\",\"item\":\"https:\/\/www.discountcode2026.com\/pl\/\"},{\"@type\":\"ListItem\",\"position\":2,\"name\":\"Privacy Policy\"}]},{\"@type\":\"WebSite\",\"@id\":\"https:\/\/www.discountcode2026.com\/pl\/#website\",\"url\":\"https:\/\/www.discountcode2026.com\/pl\/\",\"name\":\"Discount Codes 2024 PL\",\"description\":\"\",\"potentialAction\":[{\"@type\":\"SearchAction\",\"target\":{\"@type\":\"EntryPoint\",\"urlTemplate\":\"https:\/\/www.discountcode2026.com\/pl\/?s={search_term_string}\"},\"query-input\":{\"@type\":\"PropertyValueSpecification\",\"valueRequired\":true,\"valueName\":\"search_term_string\"}}],\"inLanguage\":\"en-US\"}]}<\/script>\n<!-- \/ Yoast SEO plugin. -->","yoast_head_json":{"title":"Privacy Policy for Discount Code 2024","description":"Explore our Discount Codes 2024 with confidence! Our Privacy Policy ensures your data is protected while you enjoy exclusive savings.","robots":{"index":"index","follow":"follow","max-snippet":"max-snippet:-1","max-image-preview":"max-image-preview:large","max-video-preview":"max-video-preview:-1"},"canonical":"https:\/\/www.discountcode2026.com\/pl\/privacy-policy\/","og_locale":"en_US","og_type":"article","og_title":"Privacy Policy for Discount Code 2024","og_description":"Explore our Discount Codes 2024 with confidence! Our Privacy Policy ensures your data is protected while you enjoy exclusive savings.","og_url":"https:\/\/www.discountcode2026.com\/pl\/privacy-policy\/","og_site_name":"Discount Codes 2024 PL","article_modified_time":"2024-08-12T12:59:41+00:00","twitter_card":"summary_large_image","twitter_misc":{"Est. reading time":"2 minutes"},"schema":{"@context":"https:\/\/schema.org","@graph":[{"@type":"WebPage","@id":"https:\/\/www.discountcode2026.com\/pl\/privacy-policy\/","url":"https:\/\/www.discountcode2026.com\/pl\/privacy-policy\/","name":"Privacy Policy for Discount Code 2024","isPartOf":{"@id":"https:\/\/www.discountcode2026.com\/pl\/#website"},"datePublished":"2023-09-28T07:46:26+00:00","dateModified":"2024-08-12T12:59:41+00:00","description":"Explore our Discount Codes 2024 with confidence! Our Privacy Policy ensures your data is protected while you enjoy exclusive savings.","breadcrumb":{"@id":"https:\/\/www.discountcode2026.com\/pl\/privacy-policy\/#breadcrumb"},"inLanguage":"en-US","potentialAction":[{"@type":"ReadAction","target":["https:\/\/www.discountcode2026.com\/pl\/privacy-policy\/"]}]},{"@type":"BreadcrumbList","@id":"https:\/\/www.discountcode2026.com\/pl\/privacy-policy\/#breadcrumb","itemListElement":[{"@type":"ListItem","position":1,"name":"Home","item":"https:\/\/www.discountcode2026.com\/pl\/"},{"@type":"ListItem","position":2,"name":"Privacy Policy"}]},{"@type":"WebSite","@id":"https:\/\/www.discountcode2026.com\/pl\/#website","url":"https:\/\/www.discountcode2026.com\/pl\/","name":"Discount Codes 2024 PL","description":"","potentialAction":[{"@type":"SearchAction","target":{"@type":"EntryPoint","urlTemplate":"https:\/\/www.discountcode2026.com\/pl\/?s={search_term_string}"},"query-input":{"@type":"PropertyValueSpecification","valueRequired":true,"valueName":"search_term_string"}}],"inLanguage":"en-US"}]}},"_links":{"self":[{"href":"https:\/\/www.discountcode2026.com\/pl\/wp-json\/wp\/v2\/pages\/218","targetHints":{"allow":["GET"]}}],"collection":[{"href":"https:\/\/www.discountcode2026.com\/pl\/wp-json\/wp\/v2\/pages"}],"about":[{"href":"https:\/\/www.discountcode2026.com\/pl\/wp-json\/wp\/v2\/types\/page"}],"author":[{"embeddable":true,"href":"https:\/\/www.discountcode2026.com\/pl\/wp-json\/wp\/v2\/users\/1"}],"replies":[{"embeddable":true,"href":"https:\/\/www.discountcode2026.com\/pl\/wp-json\/wp\/v2\/comments?post=218"}],"version-history":[{"count":4,"href":"https:\/\/www.discountcode2026.com\/pl\/wp-json\/wp\/v2\/pages\/218\/revisions"}],"predecessor-version":[{"id":7990,"href":"https:\/\/www.discountcode2026.com\/pl\/wp-json\/wp\/v2\/pages\/218\/revisions\/7990"}],"wp:attachment":[{"href":"https:\/\/www.discountcode2026.com\/pl\/wp-json\/wp\/v2\/media?parent=218"}],"curies":[{"name":"wp","href":"https:\/\/api.w.org\/{rel}","templated":true}]}}