{"id":209,"date":"2023-09-28T07:34:51","date_gmt":"2023-09-28T07:34:51","guid":{"rendered":"https:\/\/www.discountcode2026.com\/?page_id=209"},"modified":"2024-08-21T13:47:32","modified_gmt":"2024-08-21T13:47:32","slug":"about-us","status":"publish","type":"page","link":"https:\/\/www.discountcode2026.com\/pl\/about-us\/","title":{"rendered":"About Us"},"content":{"rendered":"<h2>O Discount Codes 2024<\/h2>\n<p>W <a href=\"https:\/\/www.discountcode2026.com\/pl\/\">Discount Codes 2024<\/a> dok\u0142adamy wszelkich stara\u0144, aby ka\u017cdy wydany grosz by\u0142 dodatkowym wysi\u0142kiem. Dostrzegamy ekscytacj\u0119 odkrywaniem niesamowitych ofert i rado\u015b\u0107 z obni\u017cania koszt\u00f3w, jednocze\u015bnie oddaj\u0105c si\u0119 preferowanym markom. Nasza platforma jest Twoim niezawodnym towarzyszem, pomagaj\u0105cym uzyska\u0107 dost\u0119p do niezwyk\u0142ych rabat\u00f3w, ekskluzywnych kupon\u00f3w i ofert specjalnych z r\u00f3\u017cnorodnej gamy sklep\u00f3w i us\u0142ug.<\/p>\n<h3>Nasza Historia<\/h3>\n<p>Discount Codes 2024 wywodzi si\u0119 z prostej, ale skutecznej koncepcji \u2013 umo\u017cliwienia konsumentom maksymalizacji oszcz\u0119dno\u015bci i dokonywania \u015bwiadomych wybor\u00f3w dotycz\u0105cych wydatk\u00f3w bez utraty jako\u015bci i wygody. Zdajemy sobie spraw\u0119, \u017ce ka\u017cda transakcja stwarza szans\u0119 na optymalizacj\u0119 oszcz\u0119dno\u015bci. Niezale\u017cnie od tego, czy interesujesz si\u0119 mod\u0105, elektronik\u0105, podr\u00f3\u017cami, czy po prostu zamawiasz pizz\u0119 dla rodziny, dok\u0142adamy wszelkich stara\u0144, aby zapewni\u0107 Ci najwy\u017csz\u0105 jako\u015b\u0107 za rozs\u0105dn\u0105 cen\u0119.<\/p>\n<h3>Co Robimy<\/h3>\n<p>Oddany zesp\u00f3\u0142 Discount Codes 2024niestrudzenie eksploruje \u015bwiat cyfrowy, aby zaprezentowa\u0107 najnowsze i najbardziej ekskluzywne oferty marek i sklep\u00f3w, kt\u00f3re kochasz. Discount Codes 2024 to najlepsze centrum oszcz\u0119dno\u015bci, obejmuj\u0105ce wszystko, od odzie\u017cy i akcesori\u00f3w po rezerwacje podr\u00f3\u017cy, gad\u017cety technologiczne i wszystko pomi\u0119dzy. Jeste\u015bmy dumni, \u017ce mo\u017cemy zaoferowa\u0107 oferty, kt\u00f3re maj\u0105 dla Ciebie znaczenie, pozwalaj\u0105c Ci cieszy\u0107 si\u0119 po\u017c\u0105danymi produktami i us\u0142ugami bez obawy o przekroczenie bud\u017cetu.<\/p>\n<h3>Nasze Zaanga\u017cowanie w Oszcz\u0119dzanie<\/h3>\n<p>Rozumiemy, \u017ce odkrywanie najlepszych ofert mo\u017ce by\u0107 czasoch\u0142onne, a czasami przyt\u0142aczaj\u0105ce. W\u0142a\u015bnie w tym miejscu wkraczamy. Nasz zesp\u00f3\u0142 ekspert\u00f3w skrupulatnie przeszukuje Internet, aby zestawi\u0107 najnowsze i najbardziej ekskluzywne rabaty, prezentuj\u0105c je wszystkie w jednym dogodnym miejscu. Jeste\u015bmy g\u0142\u0119boko przekonani, \u017ce oszcz\u0119dzanie pieni\u0119dzy powinno by\u0107 \u0142atwe, wygodne i dost\u0119pne dla ka\u017cdego.<\/p>\n<h3>Dlaczego Warto Wybra\u0107 DiscountCodes2024?<\/h3>\n<ul>\n<li><strong>Szeroki wyb\u00f3r:<\/strong> Wsp\u00f3\u0142pracujemy z rozbudowan\u0105 sieci\u0105 renomowanych sprzedawc\u00f3w detalicznych i marek z r\u00f3\u017cnych bran\u017c. Niezale\u017cnie od tego, czy szukasz ofert z bran\u017cy mody, elektroniki, podr\u00f3\u017cy czy gastronomii, mamy zni\u017cki dostosowane do Twoich potrzeb.<\/li>\n<li><strong>Zapewnienie jako\u015bci:<\/strong> Wsp\u00f3\u0142pracujemy wy\u0142\u0105cznie z renomowanymi markami i sklepami, aby zapewni\u0107, \u017ce otrzymasz najlepsze produkty i us\u0142ugi. Twoje zadowolenie jest dla nas najwy\u017cszym priorytetem.<\/li>\n<li><strong>Aktualizacje na czas:<\/strong> w Discount Codes 2024 nasz zesp\u00f3\u0142 stale aktualizuje nasze oferty, aby zagwarantowa\u0107 Ci dost\u0119p do najnowszych ofert. Zawsze mo\u017cesz wykorzysta\u0107 doskona\u0142e mo\u017cliwo\u015bci oszcz\u0119dno\u015bci.<\/li>\n<li><strong>Platforma przyjazna dla u\u017cytkownika:<\/strong> nawigacja po kodach rabatowych2024 jest prosta. Nasza przyjazna dla u\u017cytkownika strona internetowa i aplikacja mobilna zapewniaj\u0105 bezproblemowe znajdowanie i wykorzystywanie kupon\u00f3w i zni\u017cek.<\/li>\n<\/ul>\n<h3>Nasza Wizja<\/h3>\n<p>Nasza wizja jest prosta: by\u0107 preferowanym \u017ar\u00f3d\u0142em dla do\u015bwiadczonych klient\u00f3w, kt\u00f3rzy chc\u0105 zoptymalizowa\u0107 sw\u00f3j bud\u017cet. Jeste\u015bmy tutaj, aby zapewni\u0107 Ci narz\u0119dzia i wiedz\u0119 niezb\u0119dn\u0105 do podejmowania \u015bwiadomych decyzji zakupowych, dzi\u0119ki czemu mo\u017cesz zachowa\u0107 wi\u0119cej pieni\u0119dzy w portfelu.<\/p>\n<h2>Do\u0142\u0105cz do Spo\u0142eczno\u015bci<\/h2>\n<p>Wykraczamy poza bycie zwyk\u0142\u0105 platform\u0105 oszcz\u0119dno\u015bciow\u0105; jeste\u015bmy spo\u0142eczno\u015bci\u0105 podobnie my\u015bl\u0105cych os\u00f3b, kt\u00f3re rozumiej\u0105 znaczenie dobrego interesu. \u015aled\u017a nas w mediach spo\u0142eczno\u015bciowych i zosta\u0144 cz\u0119\u015bci\u0105 spo\u0142eczno\u015bci DiscountCodes2024. Dziel si\u0119 swoimi do\u015bwiadczeniami, odkrywaj nowe rabaty i pomagaj innym oszcz\u0119dza\u0107.<\/p>\n<p>Dzi\u0119kujemy, \u017ce wybra\u0142e\u015b Discount Codes 2024 jako niezawodnego towarzysza oszcz\u0119dzania. Z niecierpliwo\u015bci\u0105 czekamy na pomoc w oszcz\u0119dzaniu pieni\u0119dzy i ulepszaniu swojego \u017cycia, jedna transakcja na raz.<\/p>\n<p><strong>Mi\u0142ego oszcz\u0119dzania!<\/strong><\/p>\n<p><em>Zesp\u00f3\u0142 Discount Codes 2024<\/em><\/p>\n","protected":false},"excerpt":{"rendered":"<p>O Discount Codes 2024 W Discount Codes 2024 dok\u0142adamy wszelkich stara\u0144, aby ka\u017cdy wydany grosz by\u0142 dodatkowym wysi\u0142kiem. Dostrzegamy ekscytacj\u0119 odkrywaniem niesamowitych ofert i rado\u015b\u0107 z obni\u017cania koszt\u00f3w, jednocze\u015bnie oddaj\u0105c si\u0119 preferowanym markom. Nasza platforma jest Twoim niezawodnym towarzyszem, pomagaj\u0105cym uzyska\u0107 dost\u0119p do niezwyk\u0142ych rabat\u00f3w, ekskluzywnych kupon\u00f3w i ofert specjalnych z r\u00f3\u017cnorodnej gamy sklep\u00f3w i [&hellip;]<\/p>\n","protected":false},"author":1,"featured_media":0,"parent":0,"menu_order":0,"comment_status":"closed","ping_status":"closed","template":"pages\/pages-template.php","meta":{"_acf_changed":false,"footnotes":""},"class_list":["post-209","page","type-page","status-publish","hentry"],"acf":[],"yoast_head":"<!-- This site is optimized with the Yoast SEO plugin v26.8 - https:\/\/yoast.com\/product\/yoast-seo-wordpress\/ -->\n<title>Ein vertrauensw\u00fcrdiger Ort f\u00fcr Coupons - Discount Codes 2024<\/title>\n<meta name=\"description\" content=\"Entdecken Sie unschlagbare Angebote f\u00fcr Top-Marken und freuen Sie sich \u00fcber tolle Rabatte mit den aktuellsten Discount Codes 2024.\" \/>\n<meta name=\"robots\" content=\"index, follow, max-snippet:-1, max-image-preview:large, max-video-preview:-1\" \/>\n<link rel=\"canonical\" href=\"https:\/\/www.discountcode2026.com\/pl\/about-us\/\" \/>\n<meta property=\"og:locale\" content=\"en_US\" \/>\n<meta property=\"og:type\" content=\"article\" \/>\n<meta property=\"og:title\" content=\"Ein vertrauensw\u00fcrdiger Ort f\u00fcr Coupons - Discount Codes 2024\" \/>\n<meta property=\"og:description\" content=\"Entdecken Sie unschlagbare Angebote f\u00fcr Top-Marken und freuen Sie sich \u00fcber tolle Rabatte mit den aktuellsten Discount Codes 2024.\" \/>\n<meta property=\"og:url\" content=\"https:\/\/www.discountcode2026.com\/pl\/about-us\/\" \/>\n<meta property=\"og:site_name\" content=\"Discount Codes 2024 PL\" \/>\n<meta property=\"article:modified_time\" content=\"2024-08-21T13:47:32+00:00\" \/>\n<meta name=\"twitter:card\" content=\"summary_large_image\" \/>\n<meta name=\"twitter:label1\" content=\"Est. reading time\" \/>\n\t<meta name=\"twitter:data1\" content=\"3 minutes\" \/>\n<script type=\"application\/ld+json\" class=\"yoast-schema-graph\">{\"@context\":\"https:\/\/schema.org\",\"@graph\":[{\"@type\":\"WebPage\",\"@id\":\"https:\/\/www.discountcode2026.com\/pl\/about-us\/\",\"url\":\"https:\/\/www.discountcode2026.com\/pl\/about-us\/\",\"name\":\"Ein vertrauensw\u00fcrdiger Ort f\u00fcr Coupons - Discount Codes 2024\",\"isPartOf\":{\"@id\":\"https:\/\/www.discountcode2026.com\/pl\/#website\"},\"datePublished\":\"2023-09-28T07:34:51+00:00\",\"dateModified\":\"2024-08-21T13:47:32+00:00\",\"description\":\"Entdecken Sie unschlagbare Angebote f\u00fcr Top-Marken und freuen Sie sich \u00fcber tolle Rabatte mit den aktuellsten Discount Codes 2024.\",\"breadcrumb\":{\"@id\":\"https:\/\/www.discountcode2026.com\/pl\/about-us\/#breadcrumb\"},\"inLanguage\":\"en-US\",\"potentialAction\":[{\"@type\":\"ReadAction\",\"target\":[\"https:\/\/www.discountcode2026.com\/pl\/about-us\/\"]}]},{\"@type\":\"BreadcrumbList\",\"@id\":\"https:\/\/www.discountcode2026.com\/pl\/about-us\/#breadcrumb\",\"itemListElement\":[{\"@type\":\"ListItem\",\"position\":1,\"name\":\"Home\",\"item\":\"https:\/\/www.discountcode2026.com\/pl\/\"},{\"@type\":\"ListItem\",\"position\":2,\"name\":\"About Us\"}]},{\"@type\":\"WebSite\",\"@id\":\"https:\/\/www.discountcode2026.com\/pl\/#website\",\"url\":\"https:\/\/www.discountcode2026.com\/pl\/\",\"name\":\"Discount Codes 2024 PL\",\"description\":\"\",\"potentialAction\":[{\"@type\":\"SearchAction\",\"target\":{\"@type\":\"EntryPoint\",\"urlTemplate\":\"https:\/\/www.discountcode2026.com\/pl\/?s={search_term_string}\"},\"query-input\":{\"@type\":\"PropertyValueSpecification\",\"valueRequired\":true,\"valueName\":\"search_term_string\"}}],\"inLanguage\":\"en-US\"}]}<\/script>\n<!-- \/ Yoast SEO plugin. -->","yoast_head_json":{"title":"Ein vertrauensw\u00fcrdiger Ort f\u00fcr Coupons - Discount Codes 2024","description":"Entdecken Sie unschlagbare Angebote f\u00fcr Top-Marken und freuen Sie sich \u00fcber tolle Rabatte mit den aktuellsten Discount Codes 2024.","robots":{"index":"index","follow":"follow","max-snippet":"max-snippet:-1","max-image-preview":"max-image-preview:large","max-video-preview":"max-video-preview:-1"},"canonical":"https:\/\/www.discountcode2026.com\/pl\/about-us\/","og_locale":"en_US","og_type":"article","og_title":"Ein vertrauensw\u00fcrdiger Ort f\u00fcr Coupons - Discount Codes 2024","og_description":"Entdecken Sie unschlagbare Angebote f\u00fcr Top-Marken und freuen Sie sich \u00fcber tolle Rabatte mit den aktuellsten Discount Codes 2024.","og_url":"https:\/\/www.discountcode2026.com\/pl\/about-us\/","og_site_name":"Discount Codes 2024 PL","article_modified_time":"2024-08-21T13:47:32+00:00","twitter_card":"summary_large_image","twitter_misc":{"Est. reading time":"3 minutes"},"schema":{"@context":"https:\/\/schema.org","@graph":[{"@type":"WebPage","@id":"https:\/\/www.discountcode2026.com\/pl\/about-us\/","url":"https:\/\/www.discountcode2026.com\/pl\/about-us\/","name":"Ein vertrauensw\u00fcrdiger Ort f\u00fcr Coupons - Discount Codes 2024","isPartOf":{"@id":"https:\/\/www.discountcode2026.com\/pl\/#website"},"datePublished":"2023-09-28T07:34:51+00:00","dateModified":"2024-08-21T13:47:32+00:00","description":"Entdecken Sie unschlagbare Angebote f\u00fcr Top-Marken und freuen Sie sich \u00fcber tolle Rabatte mit den aktuellsten Discount Codes 2024.","breadcrumb":{"@id":"https:\/\/www.discountcode2026.com\/pl\/about-us\/#breadcrumb"},"inLanguage":"en-US","potentialAction":[{"@type":"ReadAction","target":["https:\/\/www.discountcode2026.com\/pl\/about-us\/"]}]},{"@type":"BreadcrumbList","@id":"https:\/\/www.discountcode2026.com\/pl\/about-us\/#breadcrumb","itemListElement":[{"@type":"ListItem","position":1,"name":"Home","item":"https:\/\/www.discountcode2026.com\/pl\/"},{"@type":"ListItem","position":2,"name":"About Us"}]},{"@type":"WebSite","@id":"https:\/\/www.discountcode2026.com\/pl\/#website","url":"https:\/\/www.discountcode2026.com\/pl\/","name":"Discount Codes 2024 PL","description":"","potentialAction":[{"@type":"SearchAction","target":{"@type":"EntryPoint","urlTemplate":"https:\/\/www.discountcode2026.com\/pl\/?s={search_term_string}"},"query-input":{"@type":"PropertyValueSpecification","valueRequired":true,"valueName":"search_term_string"}}],"inLanguage":"en-US"}]}},"_links":{"self":[{"href":"https:\/\/www.discountcode2026.com\/pl\/wp-json\/wp\/v2\/pages\/209","targetHints":{"allow":["GET"]}}],"collection":[{"href":"https:\/\/www.discountcode2026.com\/pl\/wp-json\/wp\/v2\/pages"}],"about":[{"href":"https:\/\/www.discountcode2026.com\/pl\/wp-json\/wp\/v2\/types\/page"}],"author":[{"embeddable":true,"href":"https:\/\/www.discountcode2026.com\/pl\/wp-json\/wp\/v2\/users\/1"}],"replies":[{"embeddable":true,"href":"https:\/\/www.discountcode2026.com\/pl\/wp-json\/wp\/v2\/comments?post=209"}],"version-history":[{"count":2,"href":"https:\/\/www.discountcode2026.com\/pl\/wp-json\/wp\/v2\/pages\/209\/revisions"}],"predecessor-version":[{"id":8024,"href":"https:\/\/www.discountcode2026.com\/pl\/wp-json\/wp\/v2\/pages\/209\/revisions\/8024"}],"wp:attachment":[{"href":"https:\/\/www.discountcode2026.com\/pl\/wp-json\/wp\/v2\/media?parent=209"}],"curies":[{"name":"wp","href":"https:\/\/api.w.org\/{rel}","templated":true}]}}