{"id":115,"date":"2023-09-21T11:21:49","date_gmt":"2023-09-21T11:21:49","guid":{"rendered":"https:\/\/www.discountcode2026.com\/?page_id=115"},"modified":"2024-08-12T13:28:31","modified_gmt":"2024-08-12T13:28:31","slug":"home","status":"publish","type":"page","link":"https:\/\/www.discountcode2026.com\/pl\/","title":{"rendered":"Home"},"content":{"rendered":"","protected":false},"excerpt":{"rendered":"","protected":false},"author":1,"featured_media":0,"parent":0,"menu_order":0,"comment_status":"closed","ping_status":"closed","template":"front-page-template.php","meta":{"_acf_changed":false,"footnotes":""},"class_list":["post-115","page","type-page","status-publish","hentry"],"acf":[],"yoast_head":"<!-- This site is optimized with the Yoast SEO plugin v26.8 - https:\/\/yoast.com\/product\/yoast-seo-wordpress\/ -->\n<title>Ekskluzywne Oferty Czekaj\u0105: Discount Codes 2024<\/title>\n<meta name=\"description\" content=\"Do\u015bwiadcz niesamowitych oszcz\u0119dno\u015bci z Discount Codes 2024. Odkryj szerok\u0105 gam\u0119 niezr\u00f3wnanych ofert online na r\u00f3\u017cne produkty.\" \/>\n<meta name=\"robots\" content=\"index, follow, max-snippet:-1, max-image-preview:large, max-video-preview:-1\" \/>\n<link rel=\"canonical\" href=\"https:\/\/www.discountcode2026.com\/pl\/\" \/>\n<meta property=\"og:locale\" content=\"en_US\" \/>\n<meta property=\"og:type\" content=\"article\" \/>\n<meta property=\"og:title\" content=\"Ekskluzywne Oferty Czekaj\u0105: Discount Codes 2024\" \/>\n<meta property=\"og:description\" content=\"Do\u015bwiadcz niesamowitych oszcz\u0119dno\u015bci z Discount Codes 2024. Odkryj szerok\u0105 gam\u0119 niezr\u00f3wnanych ofert online na r\u00f3\u017cne produkty.\" \/>\n<meta property=\"og:url\" content=\"https:\/\/www.discountcode2026.com\/pl\/\" \/>\n<meta property=\"og:site_name\" content=\"Discount Codes 2024 PL\" \/>\n<meta property=\"article:modified_time\" content=\"2024-08-12T13:28:31+00:00\" \/>\n<meta name=\"twitter:card\" content=\"summary_large_image\" \/>\n<script type=\"application\/ld+json\" class=\"yoast-schema-graph\">{\"@context\":\"https:\/\/schema.org\",\"@graph\":[{\"@type\":\"WebPage\",\"@id\":\"https:\/\/www.discountcode2026.com\/pl\/\",\"url\":\"https:\/\/www.discountcode2026.com\/pl\/\",\"name\":\"Ekskluzywne Oferty Czekaj\u0105: Discount Codes 2024\",\"isPartOf\":{\"@id\":\"https:\/\/www.discountcode2026.com\/pl\/#website\"},\"datePublished\":\"2023-09-21T11:21:49+00:00\",\"dateModified\":\"2024-08-12T13:28:31+00:00\",\"description\":\"Do\u015bwiadcz niesamowitych oszcz\u0119dno\u015bci z Discount Codes 2024. Odkryj szerok\u0105 gam\u0119 niezr\u00f3wnanych ofert online na r\u00f3\u017cne produkty.\",\"breadcrumb\":{\"@id\":\"https:\/\/www.discountcode2026.com\/pl\/#breadcrumb\"},\"inLanguage\":\"en-US\",\"potentialAction\":[{\"@type\":\"ReadAction\",\"target\":[\"https:\/\/www.discountcode2026.com\/pl\/\"]}]},{\"@type\":\"BreadcrumbList\",\"@id\":\"https:\/\/www.discountcode2026.com\/pl\/#breadcrumb\",\"itemListElement\":[{\"@type\":\"ListItem\",\"position\":1,\"name\":\"Home\",\"item\":\"https:\/\/www.discountcode2026.com\/pl\/\"},{\"@type\":\"ListItem\",\"position\":2,\"name\":\"Home\"}]},{\"@type\":\"WebSite\",\"@id\":\"https:\/\/www.discountcode2026.com\/pl\/#website\",\"url\":\"https:\/\/www.discountcode2026.com\/pl\/\",\"name\":\"Discount Codes 2024 PL\",\"description\":\"\",\"potentialAction\":[{\"@type\":\"SearchAction\",\"target\":{\"@type\":\"EntryPoint\",\"urlTemplate\":\"https:\/\/www.discountcode2026.com\/pl\/?s={search_term_string}\"},\"query-input\":{\"@type\":\"PropertyValueSpecification\",\"valueRequired\":true,\"valueName\":\"search_term_string\"}}],\"inLanguage\":\"en-US\"}]}<\/script>\n<!-- \/ Yoast SEO plugin. -->","yoast_head_json":{"title":"Ekskluzywne Oferty Czekaj\u0105: Discount Codes 2024","description":"Do\u015bwiadcz niesamowitych oszcz\u0119dno\u015bci z Discount Codes 2024. Odkryj szerok\u0105 gam\u0119 niezr\u00f3wnanych ofert online na r\u00f3\u017cne produkty.","robots":{"index":"index","follow":"follow","max-snippet":"max-snippet:-1","max-image-preview":"max-image-preview:large","max-video-preview":"max-video-preview:-1"},"canonical":"https:\/\/www.discountcode2026.com\/pl\/","og_locale":"en_US","og_type":"article","og_title":"Ekskluzywne Oferty Czekaj\u0105: Discount Codes 2024","og_description":"Do\u015bwiadcz niesamowitych oszcz\u0119dno\u015bci z Discount Codes 2024. Odkryj szerok\u0105 gam\u0119 niezr\u00f3wnanych ofert online na r\u00f3\u017cne produkty.","og_url":"https:\/\/www.discountcode2026.com\/pl\/","og_site_name":"Discount Codes 2024 PL","article_modified_time":"2024-08-12T13:28:31+00:00","twitter_card":"summary_large_image","schema":{"@context":"https:\/\/schema.org","@graph":[{"@type":"WebPage","@id":"https:\/\/www.discountcode2026.com\/pl\/","url":"https:\/\/www.discountcode2026.com\/pl\/","name":"Ekskluzywne Oferty Czekaj\u0105: Discount Codes 2024","isPartOf":{"@id":"https:\/\/www.discountcode2026.com\/pl\/#website"},"datePublished":"2023-09-21T11:21:49+00:00","dateModified":"2024-08-12T13:28:31+00:00","description":"Do\u015bwiadcz niesamowitych oszcz\u0119dno\u015bci z Discount Codes 2024. Odkryj szerok\u0105 gam\u0119 niezr\u00f3wnanych ofert online na r\u00f3\u017cne produkty.","breadcrumb":{"@id":"https:\/\/www.discountcode2026.com\/pl\/#breadcrumb"},"inLanguage":"en-US","potentialAction":[{"@type":"ReadAction","target":["https:\/\/www.discountcode2026.com\/pl\/"]}]},{"@type":"BreadcrumbList","@id":"https:\/\/www.discountcode2026.com\/pl\/#breadcrumb","itemListElement":[{"@type":"ListItem","position":1,"name":"Home","item":"https:\/\/www.discountcode2026.com\/pl\/"},{"@type":"ListItem","position":2,"name":"Home"}]},{"@type":"WebSite","@id":"https:\/\/www.discountcode2026.com\/pl\/#website","url":"https:\/\/www.discountcode2026.com\/pl\/","name":"Discount Codes 2024 PL","description":"","potentialAction":[{"@type":"SearchAction","target":{"@type":"EntryPoint","urlTemplate":"https:\/\/www.discountcode2026.com\/pl\/?s={search_term_string}"},"query-input":{"@type":"PropertyValueSpecification","valueRequired":true,"valueName":"search_term_string"}}],"inLanguage":"en-US"}]}},"_links":{"self":[{"href":"https:\/\/www.discountcode2026.com\/pl\/wp-json\/wp\/v2\/pages\/115","targetHints":{"allow":["GET"]}}],"collection":[{"href":"https:\/\/www.discountcode2026.com\/pl\/wp-json\/wp\/v2\/pages"}],"about":[{"href":"https:\/\/www.discountcode2026.com\/pl\/wp-json\/wp\/v2\/types\/page"}],"author":[{"embeddable":true,"href":"https:\/\/www.discountcode2026.com\/pl\/wp-json\/wp\/v2\/users\/1"}],"replies":[{"embeddable":true,"href":"https:\/\/www.discountcode2026.com\/pl\/wp-json\/wp\/v2\/comments?post=115"}],"version-history":[{"count":2,"href":"https:\/\/www.discountcode2026.com\/pl\/wp-json\/wp\/v2\/pages\/115\/revisions"}],"predecessor-version":[{"id":7961,"href":"https:\/\/www.discountcode2026.com\/pl\/wp-json\/wp\/v2\/pages\/115\/revisions\/7961"}],"wp:attachment":[{"href":"https:\/\/www.discountcode2026.com\/pl\/wp-json\/wp\/v2\/media?parent=115"}],"curies":[{"name":"wp","href":"https:\/\/api.w.org\/{rel}","templated":true}]}}