{"id":227,"date":"2023-09-28T08:24:02","date_gmt":"2023-09-28T08:24:02","guid":{"rendered":"https:\/\/www.discountcode2026.com\/?page_id=227"},"modified":"2023-09-28T08:24:02","modified_gmt":"2023-09-28T08:24:02","slug":"stores","status":"publish","type":"page","link":"https:\/\/www.discountcode2026.com\/ph\/stores\/","title":{"rendered":"All Stores"},"content":{"rendered":"","protected":false},"excerpt":{"rendered":"","protected":false},"author":1,"featured_media":0,"parent":0,"menu_order":0,"comment_status":"closed","ping_status":"closed","template":"all-stores-template.php","meta":{"_acf_changed":false,"footnotes":""},"class_list":["post-227","page","type-page","status-publish","hentry"],"acf":[],"yoast_head":"<!-- This site is optimized with the Yoast SEO plugin v26.8 - https:\/\/yoast.com\/product\/yoast-seo-wordpress\/ -->\n<title>Offres sp\u00e9ciales: D\u00e9couvrez les rabais dans tous les magasins<\/title>\n<meta name=\"description\" content=\"D\u00e9couvrez les meilleures offres de codes promo en 2024 sur notre blog exclusif. \u00c9conomisez avec des r\u00e9ductions exceptionnelles.\" \/>\n<meta name=\"robots\" content=\"index, follow, max-snippet:-1, max-image-preview:large, max-video-preview:-1\" \/>\n<link rel=\"canonical\" href=\"https:\/\/www.discountcode2026.com\/ph\/stores\/\" \/>\n<meta property=\"og:locale\" content=\"en_US\" \/>\n<meta property=\"og:type\" content=\"article\" \/>\n<meta property=\"og:title\" content=\"Offres sp\u00e9ciales: D\u00e9couvrez les rabais dans tous les magasins\" \/>\n<meta property=\"og:description\" content=\"D\u00e9couvrez les meilleures offres de codes promo en 2024 sur notre blog exclusif. \u00c9conomisez avec des r\u00e9ductions exceptionnelles.\" \/>\n<meta property=\"og:url\" content=\"https:\/\/www.discountcode2026.com\/ph\/stores\/\" \/>\n<meta property=\"og:site_name\" content=\"Discount Codes 2024 PH\" \/>\n<meta name=\"twitter:card\" content=\"summary_large_image\" \/>\n<script type=\"application\/ld+json\" class=\"yoast-schema-graph\">{\"@context\":\"https:\/\/schema.org\",\"@graph\":[{\"@type\":\"WebPage\",\"@id\":\"https:\/\/www.discountcode2026.com\/ph\/stores\/\",\"url\":\"https:\/\/www.discountcode2026.com\/ph\/stores\/\",\"name\":\"Offres sp\u00e9ciales: D\u00e9couvrez les rabais dans tous les magasins\",\"isPartOf\":{\"@id\":\"https:\/\/www.discountcode2026.com\/ph\/#website\"},\"datePublished\":\"2023-09-28T08:24:02+00:00\",\"description\":\"D\u00e9couvrez les meilleures offres de codes promo en 2024 sur notre blog exclusif. \u00c9conomisez avec des r\u00e9ductions exceptionnelles.\",\"breadcrumb\":{\"@id\":\"https:\/\/www.discountcode2026.com\/ph\/stores\/#breadcrumb\"},\"inLanguage\":\"en-US\",\"potentialAction\":[{\"@type\":\"ReadAction\",\"target\":[\"https:\/\/www.discountcode2026.com\/ph\/stores\/\"]}]},{\"@type\":\"BreadcrumbList\",\"@id\":\"https:\/\/www.discountcode2026.com\/ph\/stores\/#breadcrumb\",\"itemListElement\":[{\"@type\":\"ListItem\",\"position\":1,\"name\":\"Home\",\"item\":\"https:\/\/www.discountcode2026.com\/ph\/\"},{\"@type\":\"ListItem\",\"position\":2,\"name\":\"All Stores\"}]},{\"@type\":\"WebSite\",\"@id\":\"https:\/\/www.discountcode2026.com\/ph\/#website\",\"url\":\"https:\/\/www.discountcode2026.com\/ph\/\",\"name\":\"Discount Codes 2024 PH\",\"description\":\"\",\"potentialAction\":[{\"@type\":\"SearchAction\",\"target\":{\"@type\":\"EntryPoint\",\"urlTemplate\":\"https:\/\/www.discountcode2026.com\/ph\/?s={search_term_string}\"},\"query-input\":{\"@type\":\"PropertyValueSpecification\",\"valueRequired\":true,\"valueName\":\"search_term_string\"}}],\"inLanguage\":\"en-US\"}]}<\/script>\n<!-- \/ Yoast SEO plugin. -->","yoast_head_json":{"title":"Offres sp\u00e9ciales: D\u00e9couvrez les rabais dans tous les magasins","description":"D\u00e9couvrez les meilleures offres de codes promo en 2024 sur notre blog exclusif. \u00c9conomisez avec des r\u00e9ductions exceptionnelles.","robots":{"index":"index","follow":"follow","max-snippet":"max-snippet:-1","max-image-preview":"max-image-preview:large","max-video-preview":"max-video-preview:-1"},"canonical":"https:\/\/www.discountcode2026.com\/ph\/stores\/","og_locale":"en_US","og_type":"article","og_title":"Offres sp\u00e9ciales: D\u00e9couvrez les rabais dans tous les magasins","og_description":"D\u00e9couvrez les meilleures offres de codes promo en 2024 sur notre blog exclusif. \u00c9conomisez avec des r\u00e9ductions exceptionnelles.","og_url":"https:\/\/www.discountcode2026.com\/ph\/stores\/","og_site_name":"Discount Codes 2024 PH","twitter_card":"summary_large_image","schema":{"@context":"https:\/\/schema.org","@graph":[{"@type":"WebPage","@id":"https:\/\/www.discountcode2026.com\/ph\/stores\/","url":"https:\/\/www.discountcode2026.com\/ph\/stores\/","name":"Offres sp\u00e9ciales: D\u00e9couvrez les rabais dans tous les magasins","isPartOf":{"@id":"https:\/\/www.discountcode2026.com\/ph\/#website"},"datePublished":"2023-09-28T08:24:02+00:00","description":"D\u00e9couvrez les meilleures offres de codes promo en 2024 sur notre blog exclusif. \u00c9conomisez avec des r\u00e9ductions exceptionnelles.","breadcrumb":{"@id":"https:\/\/www.discountcode2026.com\/ph\/stores\/#breadcrumb"},"inLanguage":"en-US","potentialAction":[{"@type":"ReadAction","target":["https:\/\/www.discountcode2026.com\/ph\/stores\/"]}]},{"@type":"BreadcrumbList","@id":"https:\/\/www.discountcode2026.com\/ph\/stores\/#breadcrumb","itemListElement":[{"@type":"ListItem","position":1,"name":"Home","item":"https:\/\/www.discountcode2026.com\/ph\/"},{"@type":"ListItem","position":2,"name":"All Stores"}]},{"@type":"WebSite","@id":"https:\/\/www.discountcode2026.com\/ph\/#website","url":"https:\/\/www.discountcode2026.com\/ph\/","name":"Discount Codes 2024 PH","description":"","potentialAction":[{"@type":"SearchAction","target":{"@type":"EntryPoint","urlTemplate":"https:\/\/www.discountcode2026.com\/ph\/?s={search_term_string}"},"query-input":{"@type":"PropertyValueSpecification","valueRequired":true,"valueName":"search_term_string"}}],"inLanguage":"en-US"}]}},"_links":{"self":[{"href":"https:\/\/www.discountcode2026.com\/ph\/wp-json\/wp\/v2\/pages\/227","targetHints":{"allow":["GET"]}}],"collection":[{"href":"https:\/\/www.discountcode2026.com\/ph\/wp-json\/wp\/v2\/pages"}],"about":[{"href":"https:\/\/www.discountcode2026.com\/ph\/wp-json\/wp\/v2\/types\/page"}],"author":[{"embeddable":true,"href":"https:\/\/www.discountcode2026.com\/ph\/wp-json\/wp\/v2\/users\/1"}],"replies":[{"embeddable":true,"href":"https:\/\/www.discountcode2026.com\/ph\/wp-json\/wp\/v2\/comments?post=227"}],"version-history":[{"count":0,"href":"https:\/\/www.discountcode2026.com\/ph\/wp-json\/wp\/v2\/pages\/227\/revisions"}],"wp:attachment":[{"href":"https:\/\/www.discountcode2026.com\/ph\/wp-json\/wp\/v2\/media?parent=227"}],"curies":[{"name":"wp","href":"https:\/\/api.w.org\/{rel}","templated":true}]}}