{"id":209,"date":"2023-09-28T07:34:51","date_gmt":"2023-09-28T07:34:51","guid":{"rendered":"https:\/\/www.discountcode2026.com\/?page_id=209"},"modified":"2023-09-28T07:34:51","modified_gmt":"2023-09-28T07:34:51","slug":"about-us","status":"publish","type":"page","link":"https:\/\/www.discountcode2026.com\/ph\/about-us\/","title":{"rendered":"About Us"},"content":{"rendered":"<h2>Bienvenue sur les codes de r\u00e9duction 2024<\/h2>\n<p>Avec les codes de r\u00e9duction 2024, \u00e9conomiser de l&#8217;argent ne devrait pas \u00eatre une t\u00e2che difficile. C&#8217;est pourquoi nous avons cr\u00e9\u00e9 une plateforme sur laquelle vous pouvez facilement trouver les meilleures remises et codes promotionnels de divers d\u00e9taillants en un seul endroit.<br \/>\n<strong>Notre mission est simple<\/strong> : \u00eatre votre source unique de codes de r\u00e9duction et d&#8217;offres promotionnelles v\u00e9rifi\u00e9s et \u00e0 jour provenant d&#8217;un large \u00e9ventail de vos d\u00e9taillants pr\u00e9f\u00e9r\u00e9s. Nous faisons le travail pour vous, en s\u00e9lectionnant et en v\u00e9rifiant m\u00e9ticuleusement des milliers de codes dans des cat\u00e9gories populaires telles que la mode, l&#8217;\u00e9lectronique, les voyages, l&#8217;\u00e9picerie et bien plus encore.<\/p>\n<h3>Pourquoi choisir les codes de r\u00e9duction 2024 ?<\/h3>\n<p>S\u00e9lection \u00e9tendue : nous proposons une base de donn\u00e9es compl\u00e8te de codes de r\u00e9duction actifs, vous garantissant ainsi d&#8217;avoir acc\u00e8s aux opportunit\u00e9s d&#8217;\u00e9conomies les plus r\u00e9centes.<br \/>\n<strong>V\u00e9rifi\u00e9 et \u00e0 jour<\/strong> : notre \u00e9quipe v\u00e9rifie chaque code, \u00e9liminant ainsi la frustration des offres expir\u00e9es ou invalides.<br \/>\n<strong>Navigation facile<\/strong> : notre plateforme conviviale vous permet de trouver rapidement et facilement les codes dont vous avez besoin, que ce soit en parcourant les cat\u00e9gories, en recherchant par d\u00e9taillant ou en utilisant nos options de filtrage avanc\u00e9es.<br \/>\n<strong>Mises \u00e0 jour r\u00e9guli\u00e8res<\/strong> : nous ajoutons constamment de nouveaux codes et d\u00e9taillants \u00e0 notre plateforme, vous garantissant ainsi d&#8217;avoir acc\u00e8s aux offres les plus r\u00e9centes et les plus incroyables.<br \/>\n<strong>Transparence<\/strong> : nous croyons en une communication ouverte et fournissons des informations claires sur les restrictions du code et les dates d&#8217;expiration.<br \/>\n<strong>Engagement envers la valeur<\/strong> : Nous avons \u00e0 c\u0153ur de vous aider \u00e0 \u00e9conomiser de l&#8217;argent et d&#8217;innover constamment pour vous proposer les meilleures offres possibles.<br \/>\n<strong>Au-del\u00e0 des codes : <\/strong>Nous sommes plus qu&#8217;un simple r\u00e9f\u00e9rentiel de codes de r\u00e9duction. Une communaut\u00e9 d&#8217;acheteurs avis\u00e9s, passionn\u00e9s par la recherche des meilleures offres et s&#8217;effor\u00e7ant de vous fournir des ressources pr\u00e9cieuses, notamment.<br \/>\n<strong>Conseils et guides d&#8217;achat<\/strong> : d\u00e9couvrez comment maximiser vos \u00e9conomies gr\u00e2ce \u00e0 nos conseils d&#8217;experts sur l&#8217;empilement de coupons, les achats en solde et la pr\u00e9vention des escroqueries courantes.<br \/>\n<strong>Avis et comparaisons de d\u00e9taillants<\/strong> : informez-vous avant d&#8217;acheter gr\u00e2ce \u00e0 nos critiques approfondies de d\u00e9taillants populaires.<br \/>\n<strong>Actualit\u00e9s et tendances du secteur<\/strong> : restez au courant des derniers d\u00e9veloppements dans le monde des achats en ligne.<br \/>\nRejoignez-nous dans le voyage vers des achats plus intelligents en 2024 et au-del\u00e0 ! Avec les codes de r\u00e9duction 2024 \u00e0 vos c\u00f4t\u00e9s, vous pouvez \u00eatre s\u00fbr que vous obtenez toujours le meilleur rapport qualit\u00e9-prix possible.<\/p>\n<p>Commencez \u00e0 \u00e9conomiser d\u00e8s aujourd&#8217;hui ! Explorez notre vaste biblioth\u00e8que de codes de r\u00e9duction et d\u00e9couvrez le pouvoir du shopping intelligent.<\/p>\n","protected":false},"excerpt":{"rendered":"<p>Bienvenue sur les codes de r\u00e9duction 2024 Avec les codes de r\u00e9duction 2024, \u00e9conomiser de l&#8217;argent ne devrait pas \u00eatre une t\u00e2che difficile. C&#8217;est pourquoi nous avons cr\u00e9\u00e9 une plateforme sur laquelle vous pouvez facilement trouver les meilleures remises et codes promotionnels de divers d\u00e9taillants en un seul endroit. Notre mission est simple : \u00eatre [&hellip;]<\/p>\n","protected":false},"author":1,"featured_media":0,"parent":0,"menu_order":0,"comment_status":"closed","ping_status":"closed","template":"pages\/pages-template.php","meta":{"_acf_changed":false,"footnotes":""},"class_list":["post-209","page","type-page","status-publish","hentry"],"acf":[],"yoast_head":"<!-- This site is optimized with the Yoast SEO plugin v26.8 - https:\/\/yoast.com\/product\/yoast-seo-wordpress\/ -->\n<title>About Us: Our History and Discount Codes<\/title>\n<meta name=\"description\" content=\"D\u00e9couvrez notre histoire passionnante et trouvez les meilleurs codes de r\u00e9duction 2024 sur notre page \u00c0 Propos.\" \/>\n<meta name=\"robots\" content=\"index, follow, max-snippet:-1, max-image-preview:large, max-video-preview:-1\" \/>\n<link rel=\"canonical\" href=\"https:\/\/www.discountcode2026.com\/ph\/about-us\/\" \/>\n<meta property=\"og:locale\" content=\"en_US\" \/>\n<meta property=\"og:type\" content=\"article\" \/>\n<meta property=\"og:title\" content=\"About Us: Our History and Discount Codes\" \/>\n<meta property=\"og:description\" content=\"D\u00e9couvrez notre histoire passionnante et trouvez les meilleurs codes de r\u00e9duction 2024 sur notre page \u00c0 Propos.\" \/>\n<meta property=\"og:url\" content=\"https:\/\/www.discountcode2026.com\/ph\/about-us\/\" \/>\n<meta property=\"og:site_name\" content=\"Discount Codes 2024 PH\" \/>\n<meta name=\"twitter:card\" content=\"summary_large_image\" \/>\n<meta name=\"twitter:label1\" content=\"Est. reading time\" \/>\n\t<meta name=\"twitter:data1\" content=\"2 minutes\" \/>\n<script type=\"application\/ld+json\" class=\"yoast-schema-graph\">{\"@context\":\"https:\/\/schema.org\",\"@graph\":[{\"@type\":\"WebPage\",\"@id\":\"https:\/\/www.discountcode2026.com\/ph\/about-us\/\",\"url\":\"https:\/\/www.discountcode2026.com\/ph\/about-us\/\",\"name\":\"About Us: Our History and Discount Codes\",\"isPartOf\":{\"@id\":\"https:\/\/www.discountcode2026.com\/ph\/#website\"},\"datePublished\":\"2023-09-28T07:34:51+00:00\",\"description\":\"D\u00e9couvrez notre histoire passionnante et trouvez les meilleurs codes de r\u00e9duction 2024 sur notre page \u00c0 Propos.\",\"breadcrumb\":{\"@id\":\"https:\/\/www.discountcode2026.com\/ph\/about-us\/#breadcrumb\"},\"inLanguage\":\"en-US\",\"potentialAction\":[{\"@type\":\"ReadAction\",\"target\":[\"https:\/\/www.discountcode2026.com\/ph\/about-us\/\"]}]},{\"@type\":\"BreadcrumbList\",\"@id\":\"https:\/\/www.discountcode2026.com\/ph\/about-us\/#breadcrumb\",\"itemListElement\":[{\"@type\":\"ListItem\",\"position\":1,\"name\":\"Home\",\"item\":\"https:\/\/www.discountcode2026.com\/ph\/\"},{\"@type\":\"ListItem\",\"position\":2,\"name\":\"About Us\"}]},{\"@type\":\"WebSite\",\"@id\":\"https:\/\/www.discountcode2026.com\/ph\/#website\",\"url\":\"https:\/\/www.discountcode2026.com\/ph\/\",\"name\":\"Discount Codes 2024 PH\",\"description\":\"\",\"potentialAction\":[{\"@type\":\"SearchAction\",\"target\":{\"@type\":\"EntryPoint\",\"urlTemplate\":\"https:\/\/www.discountcode2026.com\/ph\/?s={search_term_string}\"},\"query-input\":{\"@type\":\"PropertyValueSpecification\",\"valueRequired\":true,\"valueName\":\"search_term_string\"}}],\"inLanguage\":\"en-US\"}]}<\/script>\n<!-- \/ Yoast SEO plugin. -->","yoast_head_json":{"title":"About Us: Our History and Discount Codes","description":"D\u00e9couvrez notre histoire passionnante et trouvez les meilleurs codes de r\u00e9duction 2024 sur notre page \u00c0 Propos.","robots":{"index":"index","follow":"follow","max-snippet":"max-snippet:-1","max-image-preview":"max-image-preview:large","max-video-preview":"max-video-preview:-1"},"canonical":"https:\/\/www.discountcode2026.com\/ph\/about-us\/","og_locale":"en_US","og_type":"article","og_title":"About Us: Our History and Discount Codes","og_description":"D\u00e9couvrez notre histoire passionnante et trouvez les meilleurs codes de r\u00e9duction 2024 sur notre page \u00c0 Propos.","og_url":"https:\/\/www.discountcode2026.com\/ph\/about-us\/","og_site_name":"Discount Codes 2024 PH","twitter_card":"summary_large_image","twitter_misc":{"Est. reading time":"2 minutes"},"schema":{"@context":"https:\/\/schema.org","@graph":[{"@type":"WebPage","@id":"https:\/\/www.discountcode2026.com\/ph\/about-us\/","url":"https:\/\/www.discountcode2026.com\/ph\/about-us\/","name":"About Us: Our History and Discount Codes","isPartOf":{"@id":"https:\/\/www.discountcode2026.com\/ph\/#website"},"datePublished":"2023-09-28T07:34:51+00:00","description":"D\u00e9couvrez notre histoire passionnante et trouvez les meilleurs codes de r\u00e9duction 2024 sur notre page \u00c0 Propos.","breadcrumb":{"@id":"https:\/\/www.discountcode2026.com\/ph\/about-us\/#breadcrumb"},"inLanguage":"en-US","potentialAction":[{"@type":"ReadAction","target":["https:\/\/www.discountcode2026.com\/ph\/about-us\/"]}]},{"@type":"BreadcrumbList","@id":"https:\/\/www.discountcode2026.com\/ph\/about-us\/#breadcrumb","itemListElement":[{"@type":"ListItem","position":1,"name":"Home","item":"https:\/\/www.discountcode2026.com\/ph\/"},{"@type":"ListItem","position":2,"name":"About Us"}]},{"@type":"WebSite","@id":"https:\/\/www.discountcode2026.com\/ph\/#website","url":"https:\/\/www.discountcode2026.com\/ph\/","name":"Discount Codes 2024 PH","description":"","potentialAction":[{"@type":"SearchAction","target":{"@type":"EntryPoint","urlTemplate":"https:\/\/www.discountcode2026.com\/ph\/?s={search_term_string}"},"query-input":{"@type":"PropertyValueSpecification","valueRequired":true,"valueName":"search_term_string"}}],"inLanguage":"en-US"}]}},"_links":{"self":[{"href":"https:\/\/www.discountcode2026.com\/ph\/wp-json\/wp\/v2\/pages\/209","targetHints":{"allow":["GET"]}}],"collection":[{"href":"https:\/\/www.discountcode2026.com\/ph\/wp-json\/wp\/v2\/pages"}],"about":[{"href":"https:\/\/www.discountcode2026.com\/ph\/wp-json\/wp\/v2\/types\/page"}],"author":[{"embeddable":true,"href":"https:\/\/www.discountcode2026.com\/ph\/wp-json\/wp\/v2\/users\/1"}],"replies":[{"embeddable":true,"href":"https:\/\/www.discountcode2026.com\/ph\/wp-json\/wp\/v2\/comments?post=209"}],"version-history":[{"count":0,"href":"https:\/\/www.discountcode2026.com\/ph\/wp-json\/wp\/v2\/pages\/209\/revisions"}],"wp:attachment":[{"href":"https:\/\/www.discountcode2026.com\/ph\/wp-json\/wp\/v2\/media?parent=209"}],"curies":[{"name":"wp","href":"https:\/\/api.w.org\/{rel}","templated":true}]}}