{"id":209,"date":"2023-09-28T07:34:51","date_gmt":"2023-09-28T07:34:51","guid":{"rendered":"https:\/\/www.discountcode2026.com\/?page_id=209"},"modified":"2025-03-16T21:20:05","modified_gmt":"2025-03-16T21:20:05","slug":"about-us","status":"publish","type":"page","link":"https:\/\/www.discountcode2026.com\/hk\/about-us\/","title":{"rendered":"About Us"},"content":{"rendered":"<h2>\u95dc\u65bc\u6298\u6263\u4ee3\u78bc 2025<\/h2>\n<p>\u5728 DiscountCodes2025\uff0c\u6211\u5011\u81f4\u529b\u65bc\u78ba\u4fdd\u60a8\u82b1\u8cbb\u7684\u6bcf\u4e00\u5206\u9322\u90fd\u80fd\u767c\u63ee\u4f5c\u7528\u3002\u6211\u5011\u8a8d\u8b58\u5230\u767c\u73fe\u4ee4\u4eba\u9a5a\u5606\u7684\u512a\u60e0\u7684\u8208\u596e\u4ee5\u53ca\u5728\u6c89\u8ff7\u65bc\u60a8\u559c\u611b\u7684\u54c1\u724c\u7684\u540c\u6642\u524a\u6e1b\u6210\u672c\u7684\u559c\u6085\u3002\u6211\u5011\u7684\u5e73\u53f0\u662f\u60a8\u53ef\u9760\u7684\u4f34\u4fb6\uff0c\u53ef\u5354\u52a9\u60a8\u5f9e\u5404\u7a2e\u5546\u5e97\u548c\u670d\u52d9\u4e2d\u7372\u5f97\u8d85\u503c\u6298\u6263\u3001\u7368\u5bb6\u512a\u60e0\u5238\u548c\u7279\u5225\u512a\u60e0\u3002<\/p>\n<h2>\u6211\u5011\u7684\u6545\u4e8b<\/h2>\n<p>DiscountCodes2025 \u6e90\u81ea\u65bc\u4e00\u500b\u7c21\u55ae\u800c\u6709\u5f71\u97ff\u529b\u7684\u6982\u5ff5\u2014\u2014\u4f7f\u6d88\u8cbb\u8005\u80fd\u5920\u6700\u5927\u9650\u5ea6\u5730\u7bc0\u7701\u958b\u652f\u4e26\u5728\u4e0d\u72a7\u7272\u54c1\u8cea\u6216\u4fbf\u5229\u6027\u7684\u60c5\u6cc1\u4e0b\u505a\u51fa\u660e\u667a\u7684\u6d88\u8cbb\u9078\u64c7\u3002\u6211\u5011\u8a8d\u8b58\u5230\u6bcf\u7b46\u4ea4\u6613\u90fd\u63d0\u4f9b\u4e86\u512a\u5316\u60a8\u7684\u5132\u84c4\u7684\u6a5f\u6703\u3002\u7121\u8ad6\u60a8\u662f\u6c89\u8ff7\u65bc\u6642\u5c1a\u3001\u96fb\u5b50\u7522\u54c1\u3001\u65c5\u884c\uff0c\u9084\u662f\u53ea\u662f\u70ba\u5bb6\u4eba\u8a02\u8cfc\u62ab\u85a9\uff0c\u6211\u5011\u90fd\u81f4\u529b\u65bc\u78ba\u4fdd\u60a8\u7269\u6709\u6240\u503c\u3002<\/p>\n<h2>\u6211\u5011\u505a\u4ec0\u9ebc<\/h2>\n<p>DiscountCodes2025 \u7684\u656c\u696d\u5718\u968a\u5b5c\u5b5c\u4e0d\u5026\u5730\u63a2\u7d22\u6578\u4f4d\u9818\u57df\uff0c\u70ba\u60a8\u5448\u73fe\u60a8\u559c\u611b\u7684\u54c1\u724c\u548c\u5546\u5e97\u7684\u6700\u65b0\u3001\u6700\u7368\u5bb6\u7684\u512a\u60e0\u3002 DiscountCodes2025 \u662f\u60a8\u7684\u7d42\u6975\u5132\u84c4\u4e2d\u5fc3\uff0c\u6db5\u84cb\u5f9e\u670d\u88dd\u548c\u914d\u4ef6\u5230\u65c5\u884c\u9810\u8a02\u3001\u79d1\u6280\u7522\u54c1\u4ee5\u53ca\u4ecb\u65bc\u5169\u8005\u4e4b\u9593\u7684\u6240\u6709\u5167\u5bb9\u3002\u6211\u5011\u5f88\u81ea\u8c6a\u80fd\u70ba\u60a8\u63d0\u4f9b\u5c0d\u60a8\u6709\u610f\u7fa9\u7684\u512a\u60e0\uff0c\u8b93\u60a8\u76e1\u60c5\u4eab\u53d7\u60a8\u60f3\u8981\u7684\u7522\u54c1\u548c\u670d\u52d9\uff0c\u800c\u4e0d\u5fc5\u64d4\u5fc3\u8d85\u51fa\u9810\u7b97\u3002<\/p>\n<h2>\u6211\u5011\u5c0d\u7bc0\u7d04\u7684\u627f\u8afe<\/h2>\n<p>\u6211\u5011\u77e5\u9053\uff0c\u767c\u73fe\u6700\u5212\u7b97\u7684\u4ea4\u6613\u53ef\u80fd\u975e\u5e38\u8017\u6642\uff0c\u6709\u6642\u751a\u81f3\u4ee4\u4eba\u96e3\u4ee5\u627f\u53d7\u3002\u9019\u6b63\u662f\u6211\u5011\u4ecb\u5165\u7684\u5730\u65b9\u3002\u6211\u5011\u5805\u4fe1\uff0c\u5b58\u9322\u61c9\u8a72\u662f\u6bcf\u500b\u4eba\u90fd\u53ef\u4ee5\u8f15\u9b06\u3001\u65b9\u4fbf\u3001\u5bb9\u6613\u53d6\u5f97\u7684\u3002<\/p>\n<p><strong>\u70ba\u4ec0\u9ebc\u9078\u64c7 DiscountCodes2025\uff1f<\/strong><br \/>\n<strong>\u9078\u64c7\u7bc4\u570d\u5ee3\u6cdb\uff1a<\/strong>\u6298\u6263\u4ee3\u78bc 2025 \u8207\u5404\u884c\u696d\u7684\u77e5\u540d\u96f6\u552e\u5546\u548c\u54c1\u724c\u7d44\u6210\u7684\u5ee3\u6cdb\u7db2\u7d61\u5408\u4f5c\u3002\u7121\u8ad6\u60a8\u662f\u5728\u5c0b\u627e\u6642\u5c1a\u3001\u96fb\u5b50\u7522\u54c1\u3001\u65c5\u904a\u9084\u662f\u9910\u98f2\u512a\u60e0\uff0c\u6211\u5011\u90fd\u6703\u63d0\u4f9b\u91cf\u8eab\u8a02\u88fd\u7684\u6298\u6263\uff0c\u4ee5\u6eff\u8db3\u60a8\u7684\u5404\u7a2e\u9700\u6c42\u3002<br \/>\n<strong>\u54c1\u8cea\u4fdd\u8b49\uff1a<\/strong>\u6211\u5011\u53ea\u8207\u4fe1\u8b7d\u826f\u597d\u7684\u54c1\u724c\u548c\u5546\u5e97\u5408\u4f5c\uff0c\u4ee5\u78ba\u4fdd\u60a8\u7372\u5f97\u6700\u597d\u7684\u7522\u54c1\u548c\u670d\u52d9\u3002\u60a8\u7684\u6eff\u610f\u662f\u6211\u5011\u7684\u9996\u8981\u4efb\u52d9\u3002<br \/>\n<strong>\u53ca\u6642\u66f4\u65b0\uff1a<\/strong>\u5728\u6298\u6263\u4ee3\u78bc 2025\uff0c\u6211\u5011\u7684\u5718\u968a\u4e0d\u65b7\u66f4\u65b0\u6211\u5011\u7684\u5217\u8868\uff0c\u4ee5\u4fdd\u8b49\u60a8\u80fd\u5920\u7372\u5f97\u6700\u65b0\u7684\u512a\u60e0\u3002\u900f\u904e DiscountCodes2025\uff0c\u60a8\u59cb\u7d42\u53ef\u4ee5\u5229\u7528\u7d55\u4f73\u7684\u7bc0\u7701\u6a5f\u6703\u3002<br \/>\n<strong>\u4f7f\u7528\u8005\u53cb\u5584\u7684\u5e73\u53f0\uff1a<\/strong>\u6211\u5011\u7528\u6236\u53cb\u597d\u7684\u7db2\u7ad9\u548c\u884c\u52d5\u61c9\u7528\u7a0b\u5f0f\u78ba\u4fdd\u5c0b\u627e\u548c\u4f7f\u7528\u512a\u60e0\u5238\u548c\u6298\u6263\u662f\u4e00\u7a2e\u7121\u7e2b\u7684\u9ad4\u9a57\u3002<br \/>\n\u6211\u5011\u7684\u9858\u666f<br \/>\n<strong>\u6211\u5011\u7684\u9858\u666f\u5f88\u7c21\u55ae\uff1a<\/strong>\u6210\u70ba\u7cbe\u660e\u8cfc\u7269\u8005\u7684\u9996\u9078\u4f86\u6e90\uff0c\u65e8\u5728\u512a\u5316\u4ed6\u5011\u7684\u9810\u7b97\u3002\u6211\u5011\u96a8\u6642\u70ba\u60a8\u63d0\u4f9b\u5fc5\u8981\u7684\u5de5\u5177\u548c\u77e5\u8b58\uff0c\u5e6b\u52a9\u60a8\u505a\u51fa\u660e\u667a\u7684\u8cfc\u8cb7\u6c7a\u7b56\uff0c\u8b93\u60a8\u7684\u9322\u5305\u88e1\u5b58\u6709\u66f4\u591a\u7684\u9322\u3002<\/p>\n<h2>\u52a0\u5165\u6211\u5011\u7684\u793e\u5340<\/h2>\n<p>\u6211\u5011\u4e0d\u50c5\u50c5\u662f\u4e00\u500b\u5132\u84c4\u5e73\u53f0\uff1b\u6211\u5011\u662f\u4e00\u500b\u7531\u5fd7\u540c\u9053\u5408\u7684\u4eba\u7d44\u6210\u7684\u793e\u5340\uff0c\u4ed6\u5011\u4e86\u89e3\u4e00\u7b46\u597d\u4ea4\u6613\u7684\u91cd\u8981\u6027\u3002\u5728\u793e\u7fa4\u5a92\u9ad4\u4e0a\u95dc\u6ce8\u6211\u5011\u4e26\u6210\u70ba DiscountCodes2025 \u793e\u7fa4\u7684\u4e00\u90e8\u5206\u3002\u5206\u4eab\u60a8\u7684\u7d93\u9a57\uff0c\u63a2\u7d22\u65b0\u7684\u6298\u6263\uff0c\u4e26\u5e6b\u52a9\u4ed6\u4eba\u7bc0\u7701\u958b\u652f\u3002<\/p>\n<p>\u611f\u8b1d\u60a8\u9078\u64c7 DiscountCodes2025 \u4f5c\u70ba\u60a8\u53ef\u9760\u7684\u5132\u84c4\u5925\u4f34\u3002\u6211\u5011\u71b1\u5207\u671f\u5f85\u5e6b\u52a9\u60a8\u7701\u9322\u4e26\u6539\u5584\u60a8\u7684\u751f\u6d3b\uff0c\u4e00\u6b21\u4e00\u7b46\u4ea4\u6613\u3002<\/p>\n<p><strong>\u5feb\u6a02\u7bc0\u7701\uff01<\/strong><\/p>\n<p><strong>\u6298\u6263\u4ee3\u78bc 2025 \u5718\u968a<\/strong><\/p>\n","protected":false},"excerpt":{"rendered":"<p>\u95dc\u65bc\u6298\u6263\u4ee3\u78bc 2025 \u5728 DiscountCodes2025\uff0c\u6211\u5011\u81f4\u529b\u65bc\u78ba\u4fdd\u60a8\u82b1\u8cbb\u7684\u6bcf\u4e00\u5206\u9322\u90fd\u80fd\u767c\u63ee\u4f5c\u7528\u3002\u6211\u5011\u8a8d\u8b58\u5230\u767c\u73fe\u4ee4\u4eba\u9a5a\u5606\u7684\u512a\u60e0\u7684\u8208\u596e\u4ee5\u53ca\u5728\u6c89\u8ff7\u65bc\u60a8\u559c\u611b\u7684\u54c1\u724c\u7684\u540c\u6642\u524a\u6e1b\u6210\u672c\u7684\u559c\u6085\u3002\u6211\u5011\u7684\u5e73\u53f0\u662f\u60a8\u53ef\u9760\u7684\u4f34\u4fb6\uff0c\u53ef\u5354\u52a9\u60a8\u5f9e\u5404\u7a2e\u5546\u5e97\u548c\u670d\u52d9\u4e2d\u7372\u5f97\u8d85\u503c\u6298\u6263\u3001\u7368\u5bb6\u512a\u60e0\u5238\u548c\u7279\u5225\u512a\u60e0\u3002 \u6211\u5011\u7684\u6545\u4e8b DiscountCodes2025 \u6e90\u81ea\u65bc\u4e00\u500b\u7c21\u55ae\u800c\u6709\u5f71\u97ff\u529b\u7684\u6982\u5ff5\u2014\u2014\u4f7f\u6d88\u8cbb\u8005\u80fd\u5920\u6700\u5927\u9650\u5ea6\u5730\u7bc0\u7701\u958b\u652f\u4e26\u5728\u4e0d\u72a7\u7272\u54c1\u8cea\u6216\u4fbf\u5229\u6027\u7684\u60c5\u6cc1\u4e0b\u505a\u51fa\u660e\u667a\u7684\u6d88\u8cbb\u9078\u64c7\u3002\u6211\u5011\u8a8d\u8b58\u5230\u6bcf\u7b46\u4ea4\u6613\u90fd\u63d0\u4f9b\u4e86\u512a\u5316\u60a8\u7684\u5132\u84c4\u7684\u6a5f\u6703\u3002\u7121\u8ad6\u60a8\u662f\u6c89\u8ff7\u65bc\u6642\u5c1a\u3001\u96fb\u5b50\u7522\u54c1\u3001\u65c5\u884c\uff0c\u9084\u662f\u53ea\u662f\u70ba\u5bb6\u4eba\u8a02\u8cfc\u62ab\u85a9\uff0c\u6211\u5011\u90fd\u81f4\u529b\u65bc\u78ba\u4fdd\u60a8\u7269\u6709\u6240\u503c\u3002 \u6211\u5011\u505a\u4ec0\u9ebc DiscountCodes2025 \u7684\u656c\u696d\u5718\u968a\u5b5c\u5b5c\u4e0d\u5026\u5730\u63a2\u7d22\u6578\u4f4d\u9818\u57df\uff0c\u70ba\u60a8\u5448\u73fe\u60a8\u559c\u611b\u7684\u54c1\u724c\u548c\u5546\u5e97\u7684\u6700\u65b0\u3001\u6700\u7368\u5bb6\u7684\u512a\u60e0\u3002 DiscountCodes2025 \u662f\u60a8\u7684\u7d42\u6975\u5132\u84c4\u4e2d\u5fc3\uff0c\u6db5\u84cb\u5f9e\u670d\u88dd\u548c\u914d\u4ef6\u5230\u65c5\u884c\u9810\u8a02\u3001\u79d1\u6280\u7522\u54c1\u4ee5\u53ca\u4ecb\u65bc\u5169\u8005\u4e4b\u9593\u7684\u6240\u6709\u5167\u5bb9\u3002\u6211\u5011\u5f88\u81ea\u8c6a\u80fd\u70ba\u60a8\u63d0\u4f9b\u5c0d\u60a8\u6709\u610f\u7fa9\u7684\u512a\u60e0\uff0c\u8b93\u60a8\u76e1\u60c5\u4eab\u53d7\u60a8\u60f3\u8981\u7684\u7522\u54c1\u548c\u670d\u52d9\uff0c\u800c\u4e0d\u5fc5\u64d4\u5fc3\u8d85\u51fa\u9810\u7b97\u3002 \u6211\u5011\u5c0d\u7bc0\u7d04\u7684\u627f\u8afe \u6211\u5011\u77e5\u9053\uff0c\u767c\u73fe\u6700\u5212\u7b97\u7684\u4ea4\u6613\u53ef\u80fd\u975e\u5e38\u8017\u6642\uff0c\u6709\u6642\u751a\u81f3\u4ee4\u4eba\u96e3\u4ee5\u627f\u53d7\u3002\u9019\u6b63\u662f\u6211\u5011\u4ecb\u5165\u7684\u5730\u65b9\u3002\u6211\u5011\u5805\u4fe1\uff0c\u5b58\u9322\u61c9\u8a72\u662f\u6bcf\u500b\u4eba\u90fd\u53ef\u4ee5\u8f15\u9b06\u3001\u65b9\u4fbf\u3001\u5bb9\u6613\u53d6\u5f97\u7684\u3002 \u70ba\u4ec0\u9ebc\u9078\u64c7 DiscountCodes2025\uff1f \u9078\u64c7\u7bc4\u570d\u5ee3\u6cdb\uff1a\u6298\u6263\u4ee3\u78bc 2025 \u8207\u5404\u884c\u696d\u7684\u77e5\u540d\u96f6\u552e\u5546\u548c\u54c1\u724c\u7d44\u6210\u7684\u5ee3\u6cdb\u7db2\u7d61\u5408\u4f5c\u3002\u7121\u8ad6\u60a8\u662f\u5728\u5c0b\u627e\u6642\u5c1a\u3001\u96fb\u5b50\u7522\u54c1\u3001\u65c5\u904a\u9084\u662f\u9910\u98f2\u512a\u60e0\uff0c\u6211\u5011\u90fd\u6703\u63d0\u4f9b\u91cf\u8eab\u8a02\u88fd\u7684\u6298\u6263\uff0c\u4ee5\u6eff\u8db3\u60a8\u7684\u5404\u7a2e\u9700\u6c42\u3002 \u54c1\u8cea\u4fdd\u8b49\uff1a\u6211\u5011\u53ea\u8207\u4fe1\u8b7d\u826f\u597d\u7684\u54c1\u724c\u548c\u5546\u5e97\u5408\u4f5c\uff0c\u4ee5\u78ba\u4fdd\u60a8\u7372\u5f97\u6700\u597d\u7684\u7522\u54c1\u548c\u670d\u52d9\u3002\u60a8\u7684\u6eff\u610f\u662f\u6211\u5011\u7684\u9996\u8981\u4efb\u52d9\u3002 \u53ca\u6642\u66f4\u65b0\uff1a\u5728\u6298\u6263\u4ee3\u78bc 2025\uff0c\u6211\u5011\u7684\u5718\u968a\u4e0d\u65b7\u66f4\u65b0\u6211\u5011\u7684\u5217\u8868\uff0c\u4ee5\u4fdd\u8b49\u60a8\u80fd\u5920\u7372\u5f97\u6700\u65b0\u7684\u512a\u60e0\u3002\u900f\u904e DiscountCodes2025\uff0c\u60a8\u59cb\u7d42\u53ef\u4ee5\u5229\u7528\u7d55\u4f73\u7684\u7bc0\u7701\u6a5f\u6703\u3002 \u4f7f\u7528\u8005\u53cb\u5584\u7684\u5e73\u53f0\uff1a\u6211\u5011\u7528\u6236\u53cb\u597d\u7684\u7db2\u7ad9\u548c\u884c\u52d5\u61c9\u7528\u7a0b\u5f0f\u78ba\u4fdd\u5c0b\u627e\u548c\u4f7f\u7528\u512a\u60e0\u5238\u548c\u6298\u6263\u662f\u4e00\u7a2e\u7121\u7e2b\u7684\u9ad4\u9a57\u3002 \u6211\u5011\u7684\u9858\u666f \u6211\u5011\u7684\u9858\u666f\u5f88\u7c21\u55ae\uff1a\u6210\u70ba\u7cbe\u660e\u8cfc\u7269\u8005\u7684\u9996\u9078\u4f86\u6e90\uff0c\u65e8\u5728\u512a\u5316\u4ed6\u5011\u7684\u9810\u7b97\u3002\u6211\u5011\u96a8\u6642\u70ba\u60a8\u63d0\u4f9b\u5fc5\u8981\u7684\u5de5\u5177\u548c\u77e5\u8b58\uff0c\u5e6b\u52a9\u60a8\u505a\u51fa\u660e\u667a\u7684\u8cfc\u8cb7\u6c7a\u7b56\uff0c\u8b93\u60a8\u7684\u9322\u5305\u88e1\u5b58\u6709\u66f4\u591a\u7684\u9322\u3002 \u52a0\u5165\u6211\u5011\u7684\u793e\u5340 \u6211\u5011\u4e0d\u50c5\u50c5\u662f\u4e00\u500b\u5132\u84c4\u5e73\u53f0\uff1b\u6211\u5011\u662f\u4e00\u500b\u7531\u5fd7\u540c\u9053\u5408\u7684\u4eba\u7d44\u6210\u7684\u793e\u5340\uff0c\u4ed6\u5011\u4e86\u89e3\u4e00\u7b46\u597d\u4ea4\u6613\u7684\u91cd\u8981\u6027\u3002\u5728\u793e\u7fa4\u5a92\u9ad4\u4e0a\u95dc\u6ce8\u6211\u5011\u4e26\u6210\u70ba DiscountCodes2025 \u793e\u7fa4\u7684\u4e00\u90e8\u5206\u3002\u5206\u4eab\u60a8\u7684\u7d93\u9a57\uff0c\u63a2\u7d22\u65b0\u7684\u6298\u6263\uff0c\u4e26\u5e6b\u52a9\u4ed6\u4eba\u7bc0\u7701\u958b\u652f\u3002 \u611f\u8b1d\u60a8\u9078\u64c7 DiscountCodes2025 \u4f5c\u70ba\u60a8\u53ef\u9760\u7684\u5132\u84c4\u5925\u4f34\u3002\u6211\u5011\u71b1\u5207\u671f\u5f85\u5e6b\u52a9\u60a8\u7701\u9322\u4e26\u6539\u5584\u60a8\u7684\u751f\u6d3b\uff0c\u4e00\u6b21\u4e00\u7b46\u4ea4\u6613\u3002 \u5feb\u6a02\u7bc0\u7701\uff01 \u6298\u6263\u4ee3\u78bc 2025 \u5718\u968a<\/p>\n","protected":false},"author":1,"featured_media":0,"parent":0,"menu_order":0,"comment_status":"closed","ping_status":"closed","template":"pages\/pages-template.php","meta":{"_acf_changed":false,"footnotes":""},"class_list":["post-209","page","type-page","status-publish","hentry"],"acf":[],"yoast_head":"<!-- This site is optimized with the Yoast SEO plugin v26.8 - https:\/\/yoast.com\/product\/yoast-seo-wordpress\/ -->\n<title>About Us: Our History and Discount Codes<\/title>\n<meta name=\"description\" content=\"D\u00e9couvrez notre histoire passionnante et trouvez les meilleurs codes de r\u00e9duction 2024 sur notre page \u00c0 Propos.\" \/>\n<meta name=\"robots\" content=\"index, follow, max-snippet:-1, max-image-preview:large, max-video-preview:-1\" \/>\n<link rel=\"canonical\" href=\"https:\/\/www.discountcode2026.com\/hk\/about-us\/\" \/>\n<meta property=\"og:locale\" content=\"en_US\" \/>\n<meta property=\"og:type\" content=\"article\" \/>\n<meta property=\"og:title\" content=\"About Us: Our History and Discount Codes\" \/>\n<meta property=\"og:description\" content=\"D\u00e9couvrez notre histoire passionnante et trouvez les meilleurs codes de r\u00e9duction 2024 sur notre page \u00c0 Propos.\" \/>\n<meta property=\"og:url\" content=\"https:\/\/www.discountcode2026.com\/hk\/about-us\/\" \/>\n<meta property=\"og:site_name\" content=\"Discount Codes 2024 HK\" \/>\n<meta property=\"article:modified_time\" content=\"2025-03-16T21:20:05+00:00\" \/>\n<meta name=\"twitter:card\" content=\"summary_large_image\" \/>\n<meta name=\"twitter:label1\" content=\"Est. reading time\" \/>\n\t<meta name=\"twitter:data1\" content=\"1 minute\" \/>\n<script type=\"application\/ld+json\" class=\"yoast-schema-graph\">{\"@context\":\"https:\/\/schema.org\",\"@graph\":[{\"@type\":\"WebPage\",\"@id\":\"https:\/\/www.discountcode2026.com\/hk\/about-us\/\",\"url\":\"https:\/\/www.discountcode2026.com\/hk\/about-us\/\",\"name\":\"About Us: Our History and Discount Codes\",\"isPartOf\":{\"@id\":\"https:\/\/www.discountcode2026.com\/hk\/#website\"},\"datePublished\":\"2023-09-28T07:34:51+00:00\",\"dateModified\":\"2025-03-16T21:20:05+00:00\",\"description\":\"D\u00e9couvrez notre histoire passionnante et trouvez les meilleurs codes de r\u00e9duction 2024 sur notre page \u00c0 Propos.\",\"breadcrumb\":{\"@id\":\"https:\/\/www.discountcode2026.com\/hk\/about-us\/#breadcrumb\"},\"inLanguage\":\"en-US\",\"potentialAction\":[{\"@type\":\"ReadAction\",\"target\":[\"https:\/\/www.discountcode2026.com\/hk\/about-us\/\"]}]},{\"@type\":\"BreadcrumbList\",\"@id\":\"https:\/\/www.discountcode2026.com\/hk\/about-us\/#breadcrumb\",\"itemListElement\":[{\"@type\":\"ListItem\",\"position\":1,\"name\":\"Home\",\"item\":\"https:\/\/www.discountcode2026.com\/hk\/\"},{\"@type\":\"ListItem\",\"position\":2,\"name\":\"About Us\"}]},{\"@type\":\"WebSite\",\"@id\":\"https:\/\/www.discountcode2026.com\/hk\/#website\",\"url\":\"https:\/\/www.discountcode2026.com\/hk\/\",\"name\":\"Discount Codes 2024 HK\",\"description\":\"\",\"potentialAction\":[{\"@type\":\"SearchAction\",\"target\":{\"@type\":\"EntryPoint\",\"urlTemplate\":\"https:\/\/www.discountcode2026.com\/hk\/?s={search_term_string}\"},\"query-input\":{\"@type\":\"PropertyValueSpecification\",\"valueRequired\":true,\"valueName\":\"search_term_string\"}}],\"inLanguage\":\"en-US\"}]}<\/script>\n<!-- \/ Yoast SEO plugin. -->","yoast_head_json":{"title":"About Us: Our History and Discount Codes","description":"D\u00e9couvrez notre histoire passionnante et trouvez les meilleurs codes de r\u00e9duction 2024 sur notre page \u00c0 Propos.","robots":{"index":"index","follow":"follow","max-snippet":"max-snippet:-1","max-image-preview":"max-image-preview:large","max-video-preview":"max-video-preview:-1"},"canonical":"https:\/\/www.discountcode2026.com\/hk\/about-us\/","og_locale":"en_US","og_type":"article","og_title":"About Us: Our History and Discount Codes","og_description":"D\u00e9couvrez notre histoire passionnante et trouvez les meilleurs codes de r\u00e9duction 2024 sur notre page \u00c0 Propos.","og_url":"https:\/\/www.discountcode2026.com\/hk\/about-us\/","og_site_name":"Discount Codes 2024 HK","article_modified_time":"2025-03-16T21:20:05+00:00","twitter_card":"summary_large_image","twitter_misc":{"Est. reading time":"1 minute"},"schema":{"@context":"https:\/\/schema.org","@graph":[{"@type":"WebPage","@id":"https:\/\/www.discountcode2026.com\/hk\/about-us\/","url":"https:\/\/www.discountcode2026.com\/hk\/about-us\/","name":"About Us: Our History and Discount Codes","isPartOf":{"@id":"https:\/\/www.discountcode2026.com\/hk\/#website"},"datePublished":"2023-09-28T07:34:51+00:00","dateModified":"2025-03-16T21:20:05+00:00","description":"D\u00e9couvrez notre histoire passionnante et trouvez les meilleurs codes de r\u00e9duction 2024 sur notre page \u00c0 Propos.","breadcrumb":{"@id":"https:\/\/www.discountcode2026.com\/hk\/about-us\/#breadcrumb"},"inLanguage":"en-US","potentialAction":[{"@type":"ReadAction","target":["https:\/\/www.discountcode2026.com\/hk\/about-us\/"]}]},{"@type":"BreadcrumbList","@id":"https:\/\/www.discountcode2026.com\/hk\/about-us\/#breadcrumb","itemListElement":[{"@type":"ListItem","position":1,"name":"Home","item":"https:\/\/www.discountcode2026.com\/hk\/"},{"@type":"ListItem","position":2,"name":"About Us"}]},{"@type":"WebSite","@id":"https:\/\/www.discountcode2026.com\/hk\/#website","url":"https:\/\/www.discountcode2026.com\/hk\/","name":"Discount Codes 2024 HK","description":"","potentialAction":[{"@type":"SearchAction","target":{"@type":"EntryPoint","urlTemplate":"https:\/\/www.discountcode2026.com\/hk\/?s={search_term_string}"},"query-input":{"@type":"PropertyValueSpecification","valueRequired":true,"valueName":"search_term_string"}}],"inLanguage":"en-US"}]}},"_links":{"self":[{"href":"https:\/\/www.discountcode2026.com\/hk\/wp-json\/wp\/v2\/pages\/209","targetHints":{"allow":["GET"]}}],"collection":[{"href":"https:\/\/www.discountcode2026.com\/hk\/wp-json\/wp\/v2\/pages"}],"about":[{"href":"https:\/\/www.discountcode2026.com\/hk\/wp-json\/wp\/v2\/types\/page"}],"author":[{"embeddable":true,"href":"https:\/\/www.discountcode2026.com\/hk\/wp-json\/wp\/v2\/users\/1"}],"replies":[{"embeddable":true,"href":"https:\/\/www.discountcode2026.com\/hk\/wp-json\/wp\/v2\/comments?post=209"}],"version-history":[{"count":3,"href":"https:\/\/www.discountcode2026.com\/hk\/wp-json\/wp\/v2\/pages\/209\/revisions"}],"predecessor-version":[{"id":1303,"href":"https:\/\/www.discountcode2026.com\/hk\/wp-json\/wp\/v2\/pages\/209\/revisions\/1303"}],"wp:attachment":[{"href":"https:\/\/www.discountcode2026.com\/hk\/wp-json\/wp\/v2\/media?parent=209"}],"curies":[{"name":"wp","href":"https:\/\/api.w.org\/{rel}","templated":true}]}}