{"id":216,"date":"2023-09-28T07:46:03","date_gmt":"2023-09-28T07:46:03","guid":{"rendered":"https:\/\/www.discountcode2026.com\/?page_id=216"},"modified":"2024-09-09T11:02:12","modified_gmt":"2024-09-09T11:02:12","slug":"faqs","status":"publish","type":"page","link":"https:\/\/www.discountcode2026.com\/fr\/faqs\/","title":{"rendered":"FAQ&#8217;s"},"content":{"rendered":"<h2><b>Questions fr\u00e9quemment pos\u00e9es<\/b><\/h2>\n<p><span style=\"font-weight: 400;\">Bienvenue dans la section FAQ de Discount Codes 2024! Nous sommes l\u00e0 pour r\u00e9pondre \u00e0 certaines de vos questions les plus fr\u00e9quentes sur notre plateforme et le monde passionnant des offres imbattables. Si vous cherchez toujours ce que vous voulez ici, contactez notre \u00e9quipe d&#8217;assistance amicale pour obtenir de l&#8217;aide.<\/span><\/p>\n","protected":false},"excerpt":{"rendered":"<p>Questions fr\u00e9quemment pos\u00e9es Bienvenue dans la section FAQ de Discount Codes 2024! Nous sommes l\u00e0 pour r\u00e9pondre \u00e0 certaines de vos questions les plus fr\u00e9quentes sur notre plateforme et le monde passionnant des offres imbattables. Si vous cherchez toujours ce que vous voulez ici, contactez notre \u00e9quipe d&#8217;assistance amicale pour obtenir de l&#8217;aide.<\/p>\n","protected":false},"author":1,"featured_media":0,"parent":0,"menu_order":0,"comment_status":"closed","ping_status":"closed","template":"pages\/faqs.php","meta":{"_acf_changed":false,"footnotes":""},"class_list":["post-216","page","type-page","status-publish","hentry"],"acf":[],"yoast_head":"<!-- This site is optimized with the Yoast SEO plugin v26.8 - https:\/\/yoast.com\/product\/yoast-seo-wordpress\/ -->\n<title>R\u00e9ponses aux Questions Fr\u00e9quentes sur les Codes Promo 2024<\/title>\n<meta name=\"description\" content=\"D\u00e9couvrez les r\u00e9ponses \u00e0 vos questions fr\u00e9quentes sur les codes de r\u00e9duction 2024. \u00c9conomisez davantage avec nos r\u00e9ponses pratiques.\" \/>\n<meta name=\"robots\" content=\"index, follow, max-snippet:-1, max-image-preview:large, max-video-preview:-1\" \/>\n<link rel=\"canonical\" href=\"https:\/\/www.discountcode2026.com\/fr\/faqs\/\" \/>\n<meta property=\"og:locale\" content=\"en_US\" \/>\n<meta property=\"og:type\" content=\"article\" \/>\n<meta property=\"og:title\" content=\"R\u00e9ponses aux Questions Fr\u00e9quentes sur les Codes Promo 2024\" \/>\n<meta property=\"og:description\" content=\"D\u00e9couvrez les r\u00e9ponses \u00e0 vos questions fr\u00e9quentes sur les codes de r\u00e9duction 2024. \u00c9conomisez davantage avec nos r\u00e9ponses pratiques.\" \/>\n<meta property=\"og:url\" content=\"https:\/\/www.discountcode2026.com\/fr\/faqs\/\" \/>\n<meta property=\"og:site_name\" content=\"Discount Code 2026 FR\" \/>\n<meta property=\"article:modified_time\" content=\"2024-09-09T11:02:12+00:00\" \/>\n<meta name=\"twitter:card\" content=\"summary_large_image\" \/>\n<meta name=\"twitter:label1\" content=\"Est. reading time\" \/>\n\t<meta name=\"twitter:data1\" content=\"1 minute\" \/>\n<script type=\"application\/ld+json\" class=\"yoast-schema-graph\">{\"@context\":\"https:\/\/schema.org\",\"@graph\":[{\"@type\":\"WebPage\",\"@id\":\"https:\/\/www.discountcode2026.com\/fr\/faqs\/\",\"url\":\"https:\/\/www.discountcode2026.com\/fr\/faqs\/\",\"name\":\"R\u00e9ponses aux Questions Fr\u00e9quentes sur les Codes Promo 2024\",\"isPartOf\":{\"@id\":\"https:\/\/www.discountcode2026.com\/fr\/#website\"},\"datePublished\":\"2023-09-28T07:46:03+00:00\",\"dateModified\":\"2024-09-09T11:02:12+00:00\",\"description\":\"D\u00e9couvrez les r\u00e9ponses \u00e0 vos questions fr\u00e9quentes sur les codes de r\u00e9duction 2024. \u00c9conomisez davantage avec nos r\u00e9ponses pratiques.\",\"breadcrumb\":{\"@id\":\"https:\/\/www.discountcode2026.com\/fr\/faqs\/#breadcrumb\"},\"inLanguage\":\"en-US\",\"potentialAction\":[{\"@type\":\"ReadAction\",\"target\":[\"https:\/\/www.discountcode2026.com\/fr\/faqs\/\"]}]},{\"@type\":\"BreadcrumbList\",\"@id\":\"https:\/\/www.discountcode2026.com\/fr\/faqs\/#breadcrumb\",\"itemListElement\":[{\"@type\":\"ListItem\",\"position\":1,\"name\":\"Home\",\"item\":\"https:\/\/www.discountcode2026.com\/fr\/\"},{\"@type\":\"ListItem\",\"position\":2,\"name\":\"FAQ&#8217;s\"}]},{\"@type\":\"WebSite\",\"@id\":\"https:\/\/www.discountcode2026.com\/fr\/#website\",\"url\":\"https:\/\/www.discountcode2026.com\/fr\/\",\"name\":\"Discount Code 2026 FR\",\"description\":\"\",\"publisher\":{\"@id\":\"https:\/\/www.discountcode2026.com\/fr\/#organization\"},\"potentialAction\":[{\"@type\":\"SearchAction\",\"target\":{\"@type\":\"EntryPoint\",\"urlTemplate\":\"https:\/\/www.discountcode2026.com\/fr\/?s={search_term_string}\"},\"query-input\":{\"@type\":\"PropertyValueSpecification\",\"valueRequired\":true,\"valueName\":\"search_term_string\"}}],\"inLanguage\":\"en-US\"},{\"@type\":\"Organization\",\"@id\":\"https:\/\/www.discountcode2026.com\/fr\/#organization\",\"name\":\"Discount Code 2026 FR\",\"url\":\"https:\/\/www.discountcode2026.com\/fr\/\",\"logo\":{\"@type\":\"ImageObject\",\"inLanguage\":\"en-US\",\"@id\":\"https:\/\/www.discountcode2026.com\/fr\/#\/schema\/logo\/image\/\",\"url\":\"https:\/\/www.discountcode2026.com\/fr\/wp-content\/uploads\/sites\/3\/2023\/11\/Group-1-1.svg\",\"contentUrl\":\"https:\/\/www.discountcode2026.com\/fr\/wp-content\/uploads\/sites\/3\/2023\/11\/Group-1-1.svg\",\"caption\":\"Discount Code 2026 FR\"},\"image\":{\"@id\":\"https:\/\/www.discountcode2026.com\/fr\/#\/schema\/logo\/image\/\"}}]}<\/script>\n<!-- \/ Yoast SEO plugin. -->","yoast_head_json":{"title":"R\u00e9ponses aux Questions Fr\u00e9quentes sur les Codes Promo 2024","description":"D\u00e9couvrez les r\u00e9ponses \u00e0 vos questions fr\u00e9quentes sur les codes de r\u00e9duction 2024. \u00c9conomisez davantage avec nos r\u00e9ponses pratiques.","robots":{"index":"index","follow":"follow","max-snippet":"max-snippet:-1","max-image-preview":"max-image-preview:large","max-video-preview":"max-video-preview:-1"},"canonical":"https:\/\/www.discountcode2026.com\/fr\/faqs\/","og_locale":"en_US","og_type":"article","og_title":"R\u00e9ponses aux Questions Fr\u00e9quentes sur les Codes Promo 2024","og_description":"D\u00e9couvrez les r\u00e9ponses \u00e0 vos questions fr\u00e9quentes sur les codes de r\u00e9duction 2024. \u00c9conomisez davantage avec nos r\u00e9ponses pratiques.","og_url":"https:\/\/www.discountcode2026.com\/fr\/faqs\/","og_site_name":"Discount Code 2026 FR","article_modified_time":"2024-09-09T11:02:12+00:00","twitter_card":"summary_large_image","twitter_misc":{"Est. reading time":"1 minute"},"schema":{"@context":"https:\/\/schema.org","@graph":[{"@type":"WebPage","@id":"https:\/\/www.discountcode2026.com\/fr\/faqs\/","url":"https:\/\/www.discountcode2026.com\/fr\/faqs\/","name":"R\u00e9ponses aux Questions Fr\u00e9quentes sur les Codes Promo 2024","isPartOf":{"@id":"https:\/\/www.discountcode2026.com\/fr\/#website"},"datePublished":"2023-09-28T07:46:03+00:00","dateModified":"2024-09-09T11:02:12+00:00","description":"D\u00e9couvrez les r\u00e9ponses \u00e0 vos questions fr\u00e9quentes sur les codes de r\u00e9duction 2024. \u00c9conomisez davantage avec nos r\u00e9ponses pratiques.","breadcrumb":{"@id":"https:\/\/www.discountcode2026.com\/fr\/faqs\/#breadcrumb"},"inLanguage":"en-US","potentialAction":[{"@type":"ReadAction","target":["https:\/\/www.discountcode2026.com\/fr\/faqs\/"]}]},{"@type":"BreadcrumbList","@id":"https:\/\/www.discountcode2026.com\/fr\/faqs\/#breadcrumb","itemListElement":[{"@type":"ListItem","position":1,"name":"Home","item":"https:\/\/www.discountcode2026.com\/fr\/"},{"@type":"ListItem","position":2,"name":"FAQ&#8217;s"}]},{"@type":"WebSite","@id":"https:\/\/www.discountcode2026.com\/fr\/#website","url":"https:\/\/www.discountcode2026.com\/fr\/","name":"Discount Code 2026 FR","description":"","publisher":{"@id":"https:\/\/www.discountcode2026.com\/fr\/#organization"},"potentialAction":[{"@type":"SearchAction","target":{"@type":"EntryPoint","urlTemplate":"https:\/\/www.discountcode2026.com\/fr\/?s={search_term_string}"},"query-input":{"@type":"PropertyValueSpecification","valueRequired":true,"valueName":"search_term_string"}}],"inLanguage":"en-US"},{"@type":"Organization","@id":"https:\/\/www.discountcode2026.com\/fr\/#organization","name":"Discount Code 2026 FR","url":"https:\/\/www.discountcode2026.com\/fr\/","logo":{"@type":"ImageObject","inLanguage":"en-US","@id":"https:\/\/www.discountcode2026.com\/fr\/#\/schema\/logo\/image\/","url":"https:\/\/www.discountcode2026.com\/fr\/wp-content\/uploads\/sites\/3\/2023\/11\/Group-1-1.svg","contentUrl":"https:\/\/www.discountcode2026.com\/fr\/wp-content\/uploads\/sites\/3\/2023\/11\/Group-1-1.svg","caption":"Discount Code 2026 FR"},"image":{"@id":"https:\/\/www.discountcode2026.com\/fr\/#\/schema\/logo\/image\/"}}]}},"_links":{"self":[{"href":"https:\/\/www.discountcode2026.com\/fr\/wp-json\/wp\/v2\/pages\/216","targetHints":{"allow":["GET"]}}],"collection":[{"href":"https:\/\/www.discountcode2026.com\/fr\/wp-json\/wp\/v2\/pages"}],"about":[{"href":"https:\/\/www.discountcode2026.com\/fr\/wp-json\/wp\/v2\/types\/page"}],"author":[{"embeddable":true,"href":"https:\/\/www.discountcode2026.com\/fr\/wp-json\/wp\/v2\/users\/1"}],"replies":[{"embeddable":true,"href":"https:\/\/www.discountcode2026.com\/fr\/wp-json\/wp\/v2\/comments?post=216"}],"version-history":[{"count":3,"href":"https:\/\/www.discountcode2026.com\/fr\/wp-json\/wp\/v2\/pages\/216\/revisions"}],"predecessor-version":[{"id":2340,"href":"https:\/\/www.discountcode2026.com\/fr\/wp-json\/wp\/v2\/pages\/216\/revisions\/2340"}],"wp:attachment":[{"href":"https:\/\/www.discountcode2026.com\/fr\/wp-json\/wp\/v2\/media?parent=216"}],"curies":[{"name":"wp","href":"https:\/\/api.w.org\/{rel}","templated":true}]}}