{"id":216,"date":"2023-09-28T07:46:03","date_gmt":"2023-09-28T07:46:03","guid":{"rendered":"https:\/\/www.discountcode2026.com\/?page_id=216"},"modified":"2024-09-05T07:43:30","modified_gmt":"2024-09-05T07:43:30","slug":"faqs","status":"publish","type":"page","link":"https:\/\/www.discountcode2026.com\/de\/faqs\/","title":{"rendered":"FAQ&#8217;s"},"content":{"rendered":"<h2><span style=\"font-weight: 400;\">H\u00e4ufig gestellte Fragen<\/span><\/h2>\n<p><span style=\"font-weight: 400;\">Willkommen im FAQ-Bereich f\u00fcr Discount Codes 2024! Wir sind hier, um einige Ihrer h\u00e4ufigsten Fragen zu unserer Plattform und der aufregenden Welt der unschlagbaren Angebote zu beantworten. Wenden Sie sich an unser freundliches Support-Team, um weitere Unterst\u00fctzung zu erhalten, wenn Sie hier noch nach dem suchen, was Sie wollen.<\/span><\/p>\n","protected":false},"excerpt":{"rendered":"<p>H\u00e4ufig gestellte Fragen Willkommen im FAQ-Bereich f\u00fcr Discount Codes 2024! Wir sind hier, um einige Ihrer h\u00e4ufigsten Fragen zu unserer Plattform und der aufregenden Welt der unschlagbaren Angebote zu beantworten. Wenden Sie sich an unser freundliches Support-Team, um weitere Unterst\u00fctzung zu erhalten, wenn Sie hier noch nach dem suchen, was Sie wollen.<\/p>\n","protected":false},"author":1,"featured_media":0,"parent":0,"menu_order":0,"comment_status":"closed","ping_status":"closed","template":"pages\/faqs.php","meta":{"_acf_changed":false,"footnotes":""},"class_list":["post-216","page","type-page","status-publish","hentry"],"acf":[],"yoast_head":"<!-- This site is optimized with the Yoast SEO plugin v26.8 - https:\/\/yoast.com\/product\/yoast-seo-wordpress\/ -->\n<title>FAQs: Your Ultimate Guide to Discount Codes 2024<\/title>\n<meta name=\"description\" content=\"Unlock savings with our 2024 discount codes FAQ. Find answers to common queries, maximize discounts, and shop smarter.\" \/>\n<meta name=\"robots\" content=\"index, follow, max-snippet:-1, max-image-preview:large, max-video-preview:-1\" \/>\n<link rel=\"canonical\" href=\"https:\/\/www.discountcode2026.com\/de\/faqs\/\" \/>\n<meta property=\"og:locale\" content=\"en_US\" \/>\n<meta property=\"og:type\" content=\"article\" \/>\n<meta property=\"og:title\" content=\"FAQs: Your Ultimate Guide to Discount Codes 2024\" \/>\n<meta property=\"og:description\" content=\"Unlock savings with our 2024 discount codes FAQ. Find answers to common queries, maximize discounts, and shop smarter.\" \/>\n<meta property=\"og:url\" content=\"https:\/\/www.discountcode2026.com\/de\/faqs\/\" \/>\n<meta property=\"og:site_name\" content=\"Discount Codes 2024 DE\" \/>\n<meta property=\"article:modified_time\" content=\"2024-09-05T07:43:30+00:00\" \/>\n<meta name=\"twitter:card\" content=\"summary_large_image\" \/>\n<meta name=\"twitter:label1\" content=\"Est. reading time\" \/>\n\t<meta name=\"twitter:data1\" content=\"1 minute\" \/>\n<script type=\"application\/ld+json\" class=\"yoast-schema-graph\">{\"@context\":\"https:\/\/schema.org\",\"@graph\":[{\"@type\":\"WebPage\",\"@id\":\"https:\/\/www.discountcode2026.com\/de\/faqs\/\",\"url\":\"https:\/\/www.discountcode2026.com\/de\/faqs\/\",\"name\":\"FAQs: Your Ultimate Guide to Discount Codes 2024\",\"isPartOf\":{\"@id\":\"https:\/\/www.discountcode2026.com\/de\/#website\"},\"datePublished\":\"2023-09-28T07:46:03+00:00\",\"dateModified\":\"2024-09-05T07:43:30+00:00\",\"description\":\"Unlock savings with our 2024 discount codes FAQ. Find answers to common queries, maximize discounts, and shop smarter.\",\"breadcrumb\":{\"@id\":\"https:\/\/www.discountcode2026.com\/de\/faqs\/#breadcrumb\"},\"inLanguage\":\"en-US\",\"potentialAction\":[{\"@type\":\"ReadAction\",\"target\":[\"https:\/\/www.discountcode2026.com\/de\/faqs\/\"]}]},{\"@type\":\"BreadcrumbList\",\"@id\":\"https:\/\/www.discountcode2026.com\/de\/faqs\/#breadcrumb\",\"itemListElement\":[{\"@type\":\"ListItem\",\"position\":1,\"name\":\"Home\",\"item\":\"https:\/\/www.discountcode2026.com\/de\/\"},{\"@type\":\"ListItem\",\"position\":2,\"name\":\"FAQ&#8217;s\"}]},{\"@type\":\"WebSite\",\"@id\":\"https:\/\/www.discountcode2026.com\/de\/#website\",\"url\":\"https:\/\/www.discountcode2026.com\/de\/\",\"name\":\"Discount Codes 2024 DE\",\"description\":\"\",\"potentialAction\":[{\"@type\":\"SearchAction\",\"target\":{\"@type\":\"EntryPoint\",\"urlTemplate\":\"https:\/\/www.discountcode2026.com\/de\/?s={search_term_string}\"},\"query-input\":{\"@type\":\"PropertyValueSpecification\",\"valueRequired\":true,\"valueName\":\"search_term_string\"}}],\"inLanguage\":\"en-US\"}]}<\/script>\n<!-- \/ Yoast SEO plugin. -->","yoast_head_json":{"title":"FAQs: Your Ultimate Guide to Discount Codes 2024","description":"Unlock savings with our 2024 discount codes FAQ. Find answers to common queries, maximize discounts, and shop smarter.","robots":{"index":"index","follow":"follow","max-snippet":"max-snippet:-1","max-image-preview":"max-image-preview:large","max-video-preview":"max-video-preview:-1"},"canonical":"https:\/\/www.discountcode2026.com\/de\/faqs\/","og_locale":"en_US","og_type":"article","og_title":"FAQs: Your Ultimate Guide to Discount Codes 2024","og_description":"Unlock savings with our 2024 discount codes FAQ. Find answers to common queries, maximize discounts, and shop smarter.","og_url":"https:\/\/www.discountcode2026.com\/de\/faqs\/","og_site_name":"Discount Codes 2024 DE","article_modified_time":"2024-09-05T07:43:30+00:00","twitter_card":"summary_large_image","twitter_misc":{"Est. reading time":"1 minute"},"schema":{"@context":"https:\/\/schema.org","@graph":[{"@type":"WebPage","@id":"https:\/\/www.discountcode2026.com\/de\/faqs\/","url":"https:\/\/www.discountcode2026.com\/de\/faqs\/","name":"FAQs: Your Ultimate Guide to Discount Codes 2024","isPartOf":{"@id":"https:\/\/www.discountcode2026.com\/de\/#website"},"datePublished":"2023-09-28T07:46:03+00:00","dateModified":"2024-09-05T07:43:30+00:00","description":"Unlock savings with our 2024 discount codes FAQ. Find answers to common queries, maximize discounts, and shop smarter.","breadcrumb":{"@id":"https:\/\/www.discountcode2026.com\/de\/faqs\/#breadcrumb"},"inLanguage":"en-US","potentialAction":[{"@type":"ReadAction","target":["https:\/\/www.discountcode2026.com\/de\/faqs\/"]}]},{"@type":"BreadcrumbList","@id":"https:\/\/www.discountcode2026.com\/de\/faqs\/#breadcrumb","itemListElement":[{"@type":"ListItem","position":1,"name":"Home","item":"https:\/\/www.discountcode2026.com\/de\/"},{"@type":"ListItem","position":2,"name":"FAQ&#8217;s"}]},{"@type":"WebSite","@id":"https:\/\/www.discountcode2026.com\/de\/#website","url":"https:\/\/www.discountcode2026.com\/de\/","name":"Discount Codes 2024 DE","description":"","potentialAction":[{"@type":"SearchAction","target":{"@type":"EntryPoint","urlTemplate":"https:\/\/www.discountcode2026.com\/de\/?s={search_term_string}"},"query-input":{"@type":"PropertyValueSpecification","valueRequired":true,"valueName":"search_term_string"}}],"inLanguage":"en-US"}]}},"_links":{"self":[{"href":"https:\/\/www.discountcode2026.com\/de\/wp-json\/wp\/v2\/pages\/216","targetHints":{"allow":["GET"]}}],"collection":[{"href":"https:\/\/www.discountcode2026.com\/de\/wp-json\/wp\/v2\/pages"}],"about":[{"href":"https:\/\/www.discountcode2026.com\/de\/wp-json\/wp\/v2\/types\/page"}],"author":[{"embeddable":true,"href":"https:\/\/www.discountcode2026.com\/de\/wp-json\/wp\/v2\/users\/1"}],"replies":[{"embeddable":true,"href":"https:\/\/www.discountcode2026.com\/de\/wp-json\/wp\/v2\/comments?post=216"}],"version-history":[{"count":2,"href":"https:\/\/www.discountcode2026.com\/de\/wp-json\/wp\/v2\/pages\/216\/revisions"}],"predecessor-version":[{"id":2603,"href":"https:\/\/www.discountcode2026.com\/de\/wp-json\/wp\/v2\/pages\/216\/revisions\/2603"}],"wp:attachment":[{"href":"https:\/\/www.discountcode2026.com\/de\/wp-json\/wp\/v2\/media?parent=216"}],"curies":[{"name":"wp","href":"https:\/\/api.w.org\/{rel}","templated":true}]}}