{"id":209,"date":"2023-09-28T07:34:51","date_gmt":"2023-09-28T07:34:51","guid":{"rendered":"https:\/\/www.discountcode2026.com\/?page_id=209"},"modified":"2026-01-20T13:45:03","modified_gmt":"2026-01-20T13:45:03","slug":"about-us","status":"publish","type":"page","link":"https:\/\/www.discountcode2026.com\/br\/about-us\/","title":{"rendered":"About Us"},"content":{"rendered":"<h2>Sobre os c\u00f3digos de desconto 2026<\/h2>\n<p>Na DiscountCode2026, estamos comprometidos em garantir que cada centavo gasto v\u00e1 al\u00e9m. Reconhecemos a emo\u00e7\u00e3o de descobrir ofertas incr\u00edveis e a alegria de cortar custos enquanto se delicia com suas marcas preferidas. Nossa plataforma \u00e9 sua companheira confi\u00e1vel, ajudando voc\u00ea a acessar descontos not\u00e1veis, cupons exclusivos e ofertas especiais de uma variedade diversificada de lojas e servi\u00e7os.<\/p>\n<h2>Nossa hist\u00f3ria<\/h2>\n<p>A DiscountCode2026 surgiu de um conceito direto, mas impactante: permitir que os consumidores maximizem a economia e fa\u00e7am escolhas de gastos informadas sem sacrificar a qualidade ou a conveni\u00eancia. Reconhecemos que cada transa\u00e7\u00e3o apresenta uma chance de otimizar sua economia. Quer voc\u00ea esteja se deliciando com moda, eletr\u00f4nicos, viagens ou apenas pedindo uma pizza para a fam\u00edlia, estamos dedicados a garantir que voc\u00ea receba o m\u00e1ximo valor pelo seu dinheiro.<\/p>\n<h2>O que fazemos<\/h2>\n<p>A equipe dedicada da DiscountCode2026 explora incansavelmente o reino digital para apresentar a voc\u00ea as ofertas mais novas e exclusivas das marcas e lojas que voc\u00ea ama. DiscountCode2026 \u00e9 o seu melhor centro de economia, cobrindo tudo, desde roupas e acess\u00f3rios at\u00e9 reservas de viagens, gadgets de tecnologia e tudo mais. Temos orgulho em oferecer ofertas que t\u00eam import\u00e2ncia para voc\u00ea, permitindo que voc\u00ea aproveite os produtos e servi\u00e7os desejados sem a preocupa\u00e7\u00e3o de exceder seu or\u00e7amento.<\/p>\n<h2>Nosso compromisso com a economia<\/h2>\n<p>Entendemos que descobrir as melhores ofertas pode ser demorado e, \u00e0s vezes, esmagador. \u00c9 exatamente a\u00ed que entramos. Nossa equipe de especialistas pesquisa diligentemente na internet para compilar os descontos mais recentes e exclusivos, apresentando-os todos em um lugar conveniente. Acreditamos firmemente que economizar dinheiro deve ser f\u00e1cil, conveniente e acess\u00edvel a todos.<\/p>\n<h2>Por que escolher DiscountCode2026?<\/h2>\n<p>Ampla sele\u00e7\u00e3o: DiscountCode2026 colabora com uma extensa rede de varejistas e marcas respeit\u00e1veis \u200b\u200babrangendo v\u00e1rios setores. Quer voc\u00ea esteja procurando ofertas em moda, eletr\u00f4nicos, viagens ou restaurantes, temos descontos personalizados para atender a todas as suas necessidades.<\/p>\n<p>Garantia de qualidade: fazemos parcerias apenas com marcas e lojas de renome para garantir que voc\u00ea receba os melhores produtos e servi\u00e7os. Sua satisfa\u00e7\u00e3o \u00e9 nossa maior prioridade.<\/p>\n<p>Atualiza\u00e7\u00f5es oportunas: na DiscountCode2026, nossa equipe atualiza constantemente nossas listagens para garantir que voc\u00ea tenha acesso \u00e0s ofertas mais recentes. Com a DiscountCode2026, voc\u00ea sempre pode capitalizar excelentes oportunidades de economia.<\/p>\n<p>Plataforma amig\u00e1vel: navegar na DiscountCode2026 \u00e9 muito f\u00e1cil. Nosso site amig\u00e1vel e aplicativo m\u00f3vel garantem que encontrar e utilizar cupons e descontos seja uma experi\u00eancia perfeita.<\/p>\n<h2>Nossa vis\u00e3o<\/h2>\n<p>Nossa vis\u00e3o \u00e9 direta: ser a fonte preferida para compradores experientes que buscam otimizar seu or\u00e7amento. Estamos aqui para capacit\u00e1-lo com as ferramentas e o conhecimento necess\u00e1rios para tomar decis\u00f5es de compra informadas, permitindo que voc\u00ea mantenha mais dinheiro em sua carteira.<\/p>\n<h2>Junte-se \u00e0 comunidade DiscountCode2026<\/h2>\n<p>N\u00f3s vamos al\u00e9m de ser uma mera plataforma de economia; somos uma comunidade de indiv\u00edduos com ideias semelhantes que entendem a import\u00e2ncia de um bom neg\u00f3cio. Siga-nos nas redes sociais e fa\u00e7a parte da comunidade DiscountCode2026. Compartilhe suas experi\u00eancias, explore novos descontos e contribua para ajudar outras pessoas a economizar.<\/p>\n<p>Obrigado por escolher a DiscountCode2026 como sua companheira confi\u00e1vel de economia. Estamos ansiosos para ajudar voc\u00ea a economizar dinheiro e melhorar sua vida, uma oferta de cada vez.<\/p>\n<p><strong>Boa economia!<\/strong><\/p>\n<p><strong>A equipe DiscountCode2026<\/strong><\/p>\n","protected":false},"excerpt":{"rendered":"<p>Sobre os c\u00f3digos de desconto 2026 Na DiscountCode2026, estamos comprometidos em garantir que cada centavo gasto v\u00e1 al\u00e9m. Reconhecemos a emo\u00e7\u00e3o de descobrir ofertas incr\u00edveis e a alegria de cortar custos enquanto se delicia com suas marcas preferidas. Nossa plataforma \u00e9 sua companheira confi\u00e1vel, ajudando voc\u00ea a acessar descontos not\u00e1veis, cupons exclusivos e ofertas especiais [&hellip;]<\/p>\n","protected":false},"author":1,"featured_media":0,"parent":0,"menu_order":0,"comment_status":"closed","ping_status":"closed","template":"pages\/pages-template.php","meta":{"_acf_changed":false,"footnotes":""},"class_list":["post-209","page","type-page","status-publish","hentry"],"acf":[],"yoast_head":"<!-- This site is optimized with the Yoast SEO plugin v26.8 - https:\/\/yoast.com\/product\/yoast-seo-wordpress\/ -->\n<title>About Discount Codes 2025<\/title>\n<meta name=\"description\" content=\"Unlock exclusive savings with the latest discount codes 2025. Discover unbeatable deals on top brands and enjoy great discounts.\" \/>\n<meta name=\"robots\" content=\"index, follow, max-snippet:-1, max-image-preview:large, max-video-preview:-1\" \/>\n<link rel=\"canonical\" href=\"https:\/\/www.discountcode2026.com\/br\/about-us\/\" \/>\n<meta property=\"og:locale\" content=\"en_US\" \/>\n<meta property=\"og:type\" content=\"article\" \/>\n<meta property=\"og:title\" content=\"About Discount Codes 2025\" \/>\n<meta property=\"og:description\" content=\"Unlock exclusive savings with the latest discount codes 2025. Discover unbeatable deals on top brands and enjoy great discounts.\" \/>\n<meta property=\"og:url\" content=\"https:\/\/www.discountcode2026.com\/br\/about-us\/\" \/>\n<meta property=\"og:site_name\" content=\"Discount Code 2026 BR\" \/>\n<meta property=\"article:modified_time\" content=\"2026-01-20T13:45:03+00:00\" \/>\n<meta name=\"twitter:card\" content=\"summary_large_image\" \/>\n<meta name=\"twitter:label1\" content=\"Est. reading time\" \/>\n\t<meta name=\"twitter:data1\" content=\"3 minutes\" \/>\n<script type=\"application\/ld+json\" class=\"yoast-schema-graph\">{\"@context\":\"https:\/\/schema.org\",\"@graph\":[{\"@type\":\"WebPage\",\"@id\":\"https:\/\/www.discountcode2026.com\/br\/about-us\/\",\"url\":\"https:\/\/www.discountcode2026.com\/br\/about-us\/\",\"name\":\"About Discount Codes 2025\",\"isPartOf\":{\"@id\":\"https:\/\/www.discountcode2026.com\/br\/#website\"},\"datePublished\":\"2023-09-28T07:34:51+00:00\",\"dateModified\":\"2026-01-20T13:45:03+00:00\",\"description\":\"Unlock exclusive savings with the latest discount codes 2025. Discover unbeatable deals on top brands and enjoy great discounts.\",\"breadcrumb\":{\"@id\":\"https:\/\/www.discountcode2026.com\/br\/about-us\/#breadcrumb\"},\"inLanguage\":\"en-US\",\"potentialAction\":[{\"@type\":\"ReadAction\",\"target\":[\"https:\/\/www.discountcode2026.com\/br\/about-us\/\"]}]},{\"@type\":\"BreadcrumbList\",\"@id\":\"https:\/\/www.discountcode2026.com\/br\/about-us\/#breadcrumb\",\"itemListElement\":[{\"@type\":\"ListItem\",\"position\":1,\"name\":\"Home\",\"item\":\"https:\/\/www.discountcode2026.com\/br\/\"},{\"@type\":\"ListItem\",\"position\":2,\"name\":\"About Us\"}]},{\"@type\":\"WebSite\",\"@id\":\"https:\/\/www.discountcode2026.com\/br\/#website\",\"url\":\"https:\/\/www.discountcode2026.com\/br\/\",\"name\":\"Discount Code 2026 BR\",\"description\":\"\",\"potentialAction\":[{\"@type\":\"SearchAction\",\"target\":{\"@type\":\"EntryPoint\",\"urlTemplate\":\"https:\/\/www.discountcode2026.com\/br\/?s={search_term_string}\"},\"query-input\":{\"@type\":\"PropertyValueSpecification\",\"valueRequired\":true,\"valueName\":\"search_term_string\"}}],\"inLanguage\":\"en-US\"}]}<\/script>\n<!-- \/ Yoast SEO plugin. -->","yoast_head_json":{"title":"About Discount Codes 2025","description":"Unlock exclusive savings with the latest discount codes 2025. Discover unbeatable deals on top brands and enjoy great discounts.","robots":{"index":"index","follow":"follow","max-snippet":"max-snippet:-1","max-image-preview":"max-image-preview:large","max-video-preview":"max-video-preview:-1"},"canonical":"https:\/\/www.discountcode2026.com\/br\/about-us\/","og_locale":"en_US","og_type":"article","og_title":"About Discount Codes 2025","og_description":"Unlock exclusive savings with the latest discount codes 2025. Discover unbeatable deals on top brands and enjoy great discounts.","og_url":"https:\/\/www.discountcode2026.com\/br\/about-us\/","og_site_name":"Discount Code 2026 BR","article_modified_time":"2026-01-20T13:45:03+00:00","twitter_card":"summary_large_image","twitter_misc":{"Est. reading time":"3 minutes"},"schema":{"@context":"https:\/\/schema.org","@graph":[{"@type":"WebPage","@id":"https:\/\/www.discountcode2026.com\/br\/about-us\/","url":"https:\/\/www.discountcode2026.com\/br\/about-us\/","name":"About Discount Codes 2025","isPartOf":{"@id":"https:\/\/www.discountcode2026.com\/br\/#website"},"datePublished":"2023-09-28T07:34:51+00:00","dateModified":"2026-01-20T13:45:03+00:00","description":"Unlock exclusive savings with the latest discount codes 2025. Discover unbeatable deals on top brands and enjoy great discounts.","breadcrumb":{"@id":"https:\/\/www.discountcode2026.com\/br\/about-us\/#breadcrumb"},"inLanguage":"en-US","potentialAction":[{"@type":"ReadAction","target":["https:\/\/www.discountcode2026.com\/br\/about-us\/"]}]},{"@type":"BreadcrumbList","@id":"https:\/\/www.discountcode2026.com\/br\/about-us\/#breadcrumb","itemListElement":[{"@type":"ListItem","position":1,"name":"Home","item":"https:\/\/www.discountcode2026.com\/br\/"},{"@type":"ListItem","position":2,"name":"About Us"}]},{"@type":"WebSite","@id":"https:\/\/www.discountcode2026.com\/br\/#website","url":"https:\/\/www.discountcode2026.com\/br\/","name":"Discount Code 2026 BR","description":"","potentialAction":[{"@type":"SearchAction","target":{"@type":"EntryPoint","urlTemplate":"https:\/\/www.discountcode2026.com\/br\/?s={search_term_string}"},"query-input":{"@type":"PropertyValueSpecification","valueRequired":true,"valueName":"search_term_string"}}],"inLanguage":"en-US"}]}},"_links":{"self":[{"href":"https:\/\/www.discountcode2026.com\/br\/wp-json\/wp\/v2\/pages\/209","targetHints":{"allow":["GET"]}}],"collection":[{"href":"https:\/\/www.discountcode2026.com\/br\/wp-json\/wp\/v2\/pages"}],"about":[{"href":"https:\/\/www.discountcode2026.com\/br\/wp-json\/wp\/v2\/types\/page"}],"author":[{"embeddable":true,"href":"https:\/\/www.discountcode2026.com\/br\/wp-json\/wp\/v2\/users\/1"}],"replies":[{"embeddable":true,"href":"https:\/\/www.discountcode2026.com\/br\/wp-json\/wp\/v2\/comments?post=209"}],"version-history":[{"count":4,"href":"https:\/\/www.discountcode2026.com\/br\/wp-json\/wp\/v2\/pages\/209\/revisions"}],"predecessor-version":[{"id":3838,"href":"https:\/\/www.discountcode2026.com\/br\/wp-json\/wp\/v2\/pages\/209\/revisions\/3838"}],"wp:attachment":[{"href":"https:\/\/www.discountcode2026.com\/br\/wp-json\/wp\/v2\/media?parent=209"}],"curies":[{"name":"wp","href":"https:\/\/api.w.org\/{rel}","templated":true}]}}